{"id":1254,"date":"2024-08-15T04:16:21","date_gmt":"2024-08-15T04:16:21","guid":{"rendered":"https:\/\/weraso.com\/architekti\/"},"modified":"2025-02-12T19:06:36","modified_gmt":"2025-02-12T19:06:36","slug":"architekti","status":"publish","type":"page","link":"https:\/\/test.weraso.com\/cz\/architekti\/","title":{"rendered":"Architekti"},"content":{"rendered":"<section id=\"section69ed44d0f3c9b\" class=\"section section section-padding-normal\" style=\"background: #FDF8F2; --vs-button-background: #FDF8F2;\">\n    <div class=\"container\">\n      \n\n<div id=\"heading69ed44d0f2585\" class=\"heading heading-has-text heading-descpos-right\">\n  <h1 class=\"h2 h2-t h2-m heading-title\" style=\"color: #2A4C48\">\n    Architekti a studia  <\/h1>\n  <div class=\"heading-content\">    <div class=\"heading-description p\">\n      <p>Ve spolupr\u00e1ci s renomovan\u00fdmi architekty a designov\u00fdmi studiemi p\u0159in\u00e1\u0161\u00edme klient\u016fm \u0159e\u0161en\u00ed na m\u00edru, kter\u00e1 spojuj\u00ed kreativitu s precizn\u00edm \u0159emeslem.<\/p>\n    <\/div>\n    <\/div><\/div>\n\n\n\n<div class=\"media-content media-content-align-top media-content-position-left media-content-position-mobile-top media-content-media-type-image media-content-overflow-none\">\n  <div class=\"media-content-content\" style=\"width: calc(50% - 50px)\">\n        \n\n<div id=\"text-block69ed44d0f27e9\" class=\"text-block text-block-columns-1\" style=\"margin-top: 10px; margin-bottom: 0px;\">\n  <p>Na\u0161e partnersk\u00e1 spolupr\u00e1ce n\u00e1m umo\u017e\u0148uje realizovat i ty nejodv\u00e1\u017en\u011bj\u0161\u00ed vize a p\u0159em\u011bnit je na funk\u010dn\u00ed a esteticky dokonal\u00e9 prostory, kter\u00e9 p\u0159esn\u011b odr\u00e1\u017eej\u00ed pot\u0159eby a styl na\u0161ich z\u00e1kazn\u00edk\u016f.<\/p>\n<\/div>\n\n<div class=\"button-group button-group-layout-vertical button-group-align-left\">\n      <a href=\"#architects\" class=\"button button-primary\"   >\n      Zobrazit seznam    <\/a>\n    <\/div>\n\n      <\/div>\n  <div class=\"media-content-media\" style=\"width: calc(50% - 50px)\">\n    \n<div id=\"image69ed44d0f35b1\" class=\"image image-basic\" style=\"margin-top: 0px; margin-bottom: 0px; --vs-aspect-ratio: 554 \/ 392; --vs-aspect-ratio-mobile: 554 \/ 392;\">\n  <img decoding=\"async\" class=\"expensive\" src=\"https:\/\/test.weraso.com\/wp-content\/uploads\/2024\/08\/765fba7957d097ee4f17be178c46c0f7-scaled.jpeg\" srcset=\"https:\/\/test.weraso.com\/wp-content\/uploads\/2024\/08\/765fba7957d097ee4f17be178c46c0f7-scaled.jpeg 1705w, https:\/\/test.weraso.com\/wp-content\/uploads\/2024\/08\/765fba7957d097ee4f17be178c46c0f7-200x300.jpeg 200w, https:\/\/test.weraso.com\/wp-content\/uploads\/2024\/08\/765fba7957d097ee4f17be178c46c0f7-682x1024.jpeg 682w, https:\/\/test.weraso.com\/wp-content\/uploads\/2024\/08\/765fba7957d097ee4f17be178c46c0f7-768x1153.jpeg 768w, https:\/\/test.weraso.com\/wp-content\/uploads\/2024\/08\/765fba7957d097ee4f17be178c46c0f7-1023x1536.jpeg 1023w, https:\/\/test.weraso.com\/wp-content\/uploads\/2024\/08\/765fba7957d097ee4f17be178c46c0f7-1364x2048.jpeg 1364w, https:\/\/test.weraso.com\/wp-content\/uploads\/2024\/08\/765fba7957d097ee4f17be178c46c0f7-600x901.jpeg 600w\" alt=\"\">\n<\/div>  <\/div>\n<\/div>\n\n\n    <\/div>\n<\/section>\n\n<section id=\"architects\" class=\"architects\" style=\"background: #F6F4EC; --vs-button-background: #F6F4EC;\">\n  <div class=\"section\">\n  <div class=\"container\">\n    \n<div id=\"heading69ed44d10050a\" class=\"heading heading-has-text heading-descpos-right\">\n  <h2 class=\"h2 h3-t h4-m heading-title\" style=\"color: #2A4C48\">\n    Spolupr\u00e1ce, kter\u00e1 m\u00e1 smysl  <\/h2>\n  <div class=\"heading-content\">    <div class=\"heading-description p\">\n      <p>Spolupracujeme pouze s t\u011bmi nejlep\u0161\u00edmi architekty, kte\u0159\u00ed sd\u00edlej\u00ed na\u0161i v\u00e1\u0161e\u0148 pro kvalitu a inovativn\u00ed design. M\u00e1te-li z\u00e1jem p\u0159idat se k na\u0161emu t\u00fdmu a p\u0159in\u00e1\u0161et klient\u016fm v\u00fdjime\u010dn\u00e1 \u0159e\u0161en\u00ed.<\/p>    <\/div>\n    <div class=\"button-group button-group-layout-horizontal button-group-align-left\">\n      <a href=\"\" class=\"button button-primary modal-form-trigger\" data-content=\"signup\"  >\n      Chci spolupracovat    <\/a>\n    <\/div><\/div><\/div>\n    <div class=\"architects-items\">\n              <div class=\"architects-item\">\n          <div class=\"architects-item-image\">\n            <img decoding=\"async\" src=\"https:\/\/test.weraso.com\/wp-content\/uploads\/2024\/08\/ffa41ef5f749fbb89a7c99e0a2ad46dd-300x169.png\" srcset=\"https:\/\/test.weraso.com\/wp-content\/uploads\/2024\/08\/ffa41ef5f749fbb89a7c99e0a2ad46dd-300x169.png 300w, https:\/\/test.weraso.com\/wp-content\/uploads\/2024\/08\/ffa41ef5f749fbb89a7c99e0a2ad46dd-1024x576.png 1024w, https:\/\/test.weraso.com\/wp-content\/uploads\/2024\/08\/ffa41ef5f749fbb89a7c99e0a2ad46dd-768x432.png 768w, https:\/\/test.weraso.com\/wp-content\/uploads\/2024\/08\/ffa41ef5f749fbb89a7c99e0a2ad46dd-1536x864.png 1536w, https:\/\/test.weraso.com\/wp-content\/uploads\/2024\/08\/ffa41ef5f749fbb89a7c99e0a2ad46dd-2048x1152.png 2048w, https:\/\/test.weraso.com\/wp-content\/uploads\/2024\/08\/ffa41ef5f749fbb89a7c99e0a2ad46dd-600x338.png 600w\" alt=\"\">\n          <\/div>\n          <h4 class=\"architects-item-title\">momentS<\/h4>\n          <div class=\"architects-item-description p\">\n            Ateli\u00e9r momentS poskytuje komplexn\u00ed architektonick\u00e9 a design\u00e9rsk\u00e9 slu\u017eby od n\u00e1vrhu a\u017e po realizaci v r\u00e1mci cel\u00e9ho Slovenska a bl\u00edzk\u00e9ho zahrani\u010d\u00ed. V\u011bnujeme se n\u00e1vrh\u016fm v\u0161eho charakteru &#8211; obytn\u00e9 stavby, komer\u010dn\u00ed prostory, administrativn\u00ed prostory, slu\u017eby, ve\u0159ejn\u00e9 stavby, sportovn\u00ed a rekrea\u010dn\u00ed stavby v rozsahu kompletn\u00ed studie a projektu interi\u00e9ru i exteri\u00e9ru.          <\/div>\n          <button type=\"button\" class=\"architects-item-show-more\">zobrazit v\u00edce<\/button>\n          <button type=\"button\" class=\"architects-item-show-less\">zobrazit m\u00e9n\u011b<\/button>\n        <\/div>\n            <\/div>\n  <\/div>\n  <\/div>\n  <\/section>\n\n\n<style>\n  #prefooter69ed44d100978 {\n    background: linear-gradient(180deg, #F6F4EC 0%, #F6F4EC 192px, #FDF8F2 192px, #FDF8F2 100%) !important;\n    color: white;\n  }\n<\/style>\n\n<section id=\"prefooter69ed44d100978\" class=\"section section-padding-none prefooter\">\n  <div class=\"container\">\n    <div class=\"prefooter-boxes\">\n            <div class=\"prefooter-box prefooter-box-customer\">\n        \n<div id=\"heading69ed44d100bc3\" class=\"heading heading-align-left\">\n  <h2 class=\"h2 h2-t h2-m heading-title\" style=\"color: \">\n    Jste z\u00e1kazn\u00edk <br>a pot\u0159ebujete poradit?   <\/h2>\n  <\/div>\n        <button class=\"button button-primary modal-form-trigger\" data-content=\"contact-b2c\" type=\"button\">Kontakt<\/button>\n        <svg class=\"prefooter-box-icon\" xmlns=\"http:\/\/www.w3.org\/2000\/svg\" width=\"137\" height=\"115\" viewBox=\"0 0 137 115\" fill=\"none\">\n          <path d=\"M3.375 112.045H134\" stroke=\"#B6A66D\" stroke-width=\"4\" stroke-linecap=\"square\" stroke-linejoin=\"bevel\"\/>\n          <path d=\"M3.375 66.1312L60.1685 43.1746\" stroke=\"#B6A66D\" stroke-width=\"4\" stroke-linecap=\"square\" stroke-linejoin=\"bevel\"\/>\n          <path d=\"M14.7344 61.6542V112.044\" stroke=\"#B6A66D\" stroke-width=\"4\" stroke-linecap=\"square\" stroke-linejoin=\"bevel\"\/>\n          <path d=\"M51.6504 3L134.001 54.6522\" stroke=\"#B6A66D\" stroke-width=\"4\" stroke-linecap=\"square\" stroke-linejoin=\"bevel\"\/>\n          <path d=\"M122.641 47.6512V112.044\" stroke=\"#B6A66D\" stroke-width=\"4\" stroke-linecap=\"square\" stroke-linejoin=\"bevel\"\/>\n          <path d=\"M105.604 36.919V14.479H116.962V43.9781\" stroke=\"#B6A66D\" stroke-width=\"4\" stroke-linecap=\"square\" stroke-linejoin=\"bevel\"\/>\n          <path d=\"M111.283 89.087H71.5273V112.044H111.283V89.087Z\" stroke=\"#B6A66D\" stroke-width=\"4\" stroke-linecap=\"square\" stroke-linejoin=\"bevel\"\/>\n          <path d=\"M94.2441 89.087V112.044\" stroke=\"#B6A66D\" stroke-width=\"4\" stroke-linecap=\"square\" stroke-linejoin=\"bevel\"\/>\n          <path d=\"M80.0464 57.5232C84.7513 57.5232 88.5654 53.6689 88.5654 48.9145C88.5654 44.16 84.7513 40.3058 80.0464 40.3058C75.3414 40.3058 71.5273 44.16 71.5273 48.9145C71.5273 53.6689 75.3414 57.5232 80.0464 57.5232Z\" stroke=\"#B6A66D\" stroke-width=\"4\" stroke-linecap=\"square\" stroke-linejoin=\"bevel\"\/>\n          <path d=\"M48.8092 83.3493H26.0918V112.045H48.8092V83.3493Z\" stroke=\"#B6A66D\" stroke-width=\"4\" stroke-linecap=\"square\" stroke-linejoin=\"bevel\"\/>\n          <path d=\"M26.0918 71.8703H48.8092\" stroke=\"#B6A66D\" stroke-width=\"4\" stroke-linecap=\"square\" stroke-linejoin=\"bevel\"\/>\n          <path d=\"M60.168 8.45224V112.044\" stroke=\"#B6A66D\" stroke-width=\"4\" stroke-linecap=\"square\" stroke-linejoin=\"bevel\"\/>\n        <\/svg>\n      <\/div>\n      <div class=\"prefooter-box prefooter-box-client\">\n        \n<div id=\"heading69ed44d100e2e\" class=\"heading heading-align-left\">\n  <h2 class=\"h2 h2-t h2-m heading-title\" style=\"color: \">\n    Jste firma <br>a pot\u0159ebujete poradit?  <\/h2>\n  <\/div>\n        <button class=\"button button-primary modal-form-trigger\" data-content=\"contact-b2b\" type=\"button\">Kontakt<\/button>\n        <svg class=\"prefooter-box-icon\" xmlns=\"http:\/\/www.w3.org\/2000\/svg\" width=\"90\" height=\"115\" viewBox=\"0 0 90 115\" fill=\"none\">\n          <path d=\"M49.7778 40.5836H2V112.25H49.7778V40.5836Z\" stroke=\"#D9D2BB\" stroke-width=\"4\" stroke-linecap=\"square\" stroke-linejoin=\"bevel\"\/>\n          <path d=\"M88.0004 112.25H49.7782V40.5835H40.2227V2.36133H88.0004V112.25Z\" stroke=\"#D9D2BB\" stroke-width=\"4\" stroke-linecap=\"square\" stroke-linejoin=\"bevel\"\/>\n          <path d=\"M78.4447 97.9169H64.1113V112.25H78.4447V97.9169Z\" stroke=\"#D9D2BB\" stroke-width=\"4\" stroke-linecap=\"square\" stroke-linejoin=\"bevel\"\/>\n          <path d=\"M25.888 97.9169H11.5547V112.25H25.888V97.9169Z\" stroke=\"#D9D2BB\" stroke-width=\"4\" stroke-linecap=\"square\" stroke-linejoin=\"bevel\"\/>\n          <path d=\"M2 50.1391H21.1111\" stroke=\"#D9D2BB\" stroke-width=\"4\" stroke-linecap=\"square\" stroke-linejoin=\"bevel\"\/>\n          <path d=\"M2 59.6947H16.3333\" stroke=\"#D9D2BB\" stroke-width=\"4\" stroke-linecap=\"square\" stroke-linejoin=\"bevel\"\/>\n          <path d=\"M40.2227 21.4724H59.3338\" stroke=\"#D9D2BB\" stroke-width=\"4\" stroke-linecap=\"square\" stroke-linejoin=\"bevel\"\/>\n          <path d=\"M40.2227 11.9169H68.8893\" stroke=\"#D9D2BB\" stroke-width=\"4\" stroke-linecap=\"square\" stroke-linejoin=\"bevel\"\/>\n          <path d=\"M40.2227 31.028H54.556\" stroke=\"#D9D2BB\" stroke-width=\"4\" stroke-linecap=\"square\" stroke-linejoin=\"bevel\"\/>\n          <path d=\"M2 69.2502H11.5556\" stroke=\"#D9D2BB\" stroke-width=\"4\" stroke-linecap=\"square\" stroke-linejoin=\"bevel\"\/>\n        <\/svg>\n      <\/div>\n    <\/div>\n  <\/div>\n<\/section>","protected":false},"excerpt":{"rendered":"","protected":false},"author":1,"featured_media":0,"parent":0,"menu_order":0,"comment_status":"closed","ping_status":"closed","template":"","meta":{"inline_featured_image":false,"footnotes":""},"class_list":["post-1254","page","type-page","status-publish","hentry"],"aioseo_notices":[],"meta_box":{"section-padding":false,"section-color":false,"section-has-color-second":false,"section-color-second":false},"_links":{"self":[{"href":"https:\/\/test.weraso.com\/cz\/wp-json\/wp\/v2\/pages\/1254","targetHints":{"allow":["GET"]}}],"collection":[{"href":"https:\/\/test.weraso.com\/cz\/wp-json\/wp\/v2\/pages"}],"about":[{"href":"https:\/\/test.weraso.com\/cz\/wp-json\/wp\/v2\/types\/page"}],"author":[{"embeddable":true,"href":"https:\/\/test.weraso.com\/cz\/wp-json\/wp\/v2\/users\/1"}],"replies":[{"embeddable":true,"href":"https:\/\/test.weraso.com\/cz\/wp-json\/wp\/v2\/comments?post=1254"}],"version-history":[{"count":6,"href":"https:\/\/test.weraso.com\/cz\/wp-json\/wp\/v2\/pages\/1254\/revisions"}],"predecessor-version":[{"id":3078,"href":"https:\/\/test.weraso.com\/cz\/wp-json\/wp\/v2\/pages\/1254\/revisions\/3078"}],"wp:attachment":[{"href":"https:\/\/test.weraso.com\/cz\/wp-json\/wp\/v2\/media?parent=1254"}],"curies":[{"name":"wp","href":"https:\/\/api.w.org\/{rel}","templated":true}]}}