{"id":1354,"date":"2024-08-08T06:21:55","date_gmt":"2024-08-08T06:21:55","guid":{"rendered":"https:\/\/weraso.com\/oblubene-produkty\/"},"modified":"2025-01-19T03:58:09","modified_gmt":"2025-01-19T03:58:09","slug":"oblibene-produkty","status":"publish","type":"page","link":"https:\/\/test.weraso.com\/cz\/oblibene-produkty\/","title":{"rendered":"Obl\u00edben\u00e9 produkty"},"content":{"rendered":"<section id=\"products69ed44d125158\" class=\"products section products-background-light-beige\" style=\"background: #FDF8F2; --vs-button-background: #FDF8F2;\">\n    <div class=\"container\">\n      \n<div id=\"heading69ed44d12546f\" class=\"heading heading-has-text heading-descpos-right\">\n  <h1 class=\"h2 h3-t h4-m heading-title\" style=\"color: \">\n    Obl\u00edben\u00e9 produkty  <\/h1>\n  <div class=\"heading-content\">    <div class=\"heading-description p\">\n      <p>Zde naleznete pe\u010dliv\u011b vybran\u00e9 kousky, kter\u00e9 jste si zamilovali. Prohl\u00e9dn\u011bte si sv\u00e9 favority a nechte se inspirovat jejich jedine\u010dn\u00fdm designem a nad\u010dasov\u00fdm stylem.<\/p>\n<p>&nbsp;<\/p>\n    <\/div>\n    <\/div><\/div>\n      <div class=\"products-items\" data-view=\"list\" data-per-page=\"24\" data-arg=\"fav=1\" >\n              <\/div>\n            <p class=\"products-no-found show\">Nena\u0161li jsme \u017e\u00e1dn\u00e9 produkty.<\/p>\n          <\/div>\n<\/section>\n\n\n<style>\n  #prefooter69ed44d1256ec {\n    background: linear-gradient(180deg, #FDF8F2 0%, #FDF8F2 192px, #FDF8F2 192px, #FDF8F2 100%) !important;\n    color: white;\n  }\n<\/style>\n\n<section id=\"prefooter69ed44d1256ec\" class=\"section section-padding-none prefooter\">\n  <div class=\"container\">\n    <div class=\"prefooter-boxes\">\n            <div class=\"prefooter-box prefooter-box-customer\">\n        \n<div id=\"heading69ed44d12592a\" class=\"heading heading-align-left\">\n  <h2 class=\"h2 h2-t h2-m heading-title\" style=\"color: \">\n    Jste z\u00e1kazn\u00edk <br>a pot\u0159ebujete poradit?   <\/h2>\n  <\/div>\n        <button class=\"button button-primary modal-form-trigger\" data-content=\"contact-b2c\" type=\"button\">Kontakt<\/button>\n        <svg class=\"prefooter-box-icon\" xmlns=\"http:\/\/www.w3.org\/2000\/svg\" width=\"137\" height=\"115\" viewBox=\"0 0 137 115\" fill=\"none\">\n          <path d=\"M3.375 112.045H134\" stroke=\"#B6A66D\" stroke-width=\"4\" stroke-linecap=\"square\" stroke-linejoin=\"bevel\"\/>\n          <path d=\"M3.375 66.1312L60.1685 43.1746\" stroke=\"#B6A66D\" stroke-width=\"4\" stroke-linecap=\"square\" stroke-linejoin=\"bevel\"\/>\n          <path d=\"M14.7344 61.6542V112.044\" stroke=\"#B6A66D\" stroke-width=\"4\" stroke-linecap=\"square\" stroke-linejoin=\"bevel\"\/>\n          <path d=\"M51.6504 3L134.001 54.6522\" stroke=\"#B6A66D\" stroke-width=\"4\" stroke-linecap=\"square\" stroke-linejoin=\"bevel\"\/>\n          <path d=\"M122.641 47.6512V112.044\" stroke=\"#B6A66D\" stroke-width=\"4\" stroke-linecap=\"square\" stroke-linejoin=\"bevel\"\/>\n          <path d=\"M105.604 36.919V14.479H116.962V43.9781\" stroke=\"#B6A66D\" stroke-width=\"4\" stroke-linecap=\"square\" stroke-linejoin=\"bevel\"\/>\n          <path d=\"M111.283 89.087H71.5273V112.044H111.283V89.087Z\" stroke=\"#B6A66D\" stroke-width=\"4\" stroke-linecap=\"square\" stroke-linejoin=\"bevel\"\/>\n          <path d=\"M94.2441 89.087V112.044\" stroke=\"#B6A66D\" stroke-width=\"4\" stroke-linecap=\"square\" stroke-linejoin=\"bevel\"\/>\n          <path d=\"M80.0464 57.5232C84.7513 57.5232 88.5654 53.6689 88.5654 48.9145C88.5654 44.16 84.7513 40.3058 80.0464 40.3058C75.3414 40.3058 71.5273 44.16 71.5273 48.9145C71.5273 53.6689 75.3414 57.5232 80.0464 57.5232Z\" stroke=\"#B6A66D\" stroke-width=\"4\" stroke-linecap=\"square\" stroke-linejoin=\"bevel\"\/>\n          <path d=\"M48.8092 83.3493H26.0918V112.045H48.8092V83.3493Z\" stroke=\"#B6A66D\" stroke-width=\"4\" stroke-linecap=\"square\" stroke-linejoin=\"bevel\"\/>\n          <path d=\"M26.0918 71.8703H48.8092\" stroke=\"#B6A66D\" stroke-width=\"4\" stroke-linecap=\"square\" stroke-linejoin=\"bevel\"\/>\n          <path d=\"M60.168 8.45224V112.044\" stroke=\"#B6A66D\" stroke-width=\"4\" stroke-linecap=\"square\" stroke-linejoin=\"bevel\"\/>\n        <\/svg>\n      <\/div>\n      <div class=\"prefooter-box prefooter-box-client\">\n        \n<div id=\"heading69ed44d125b79\" class=\"heading heading-align-left\">\n  <h2 class=\"h2 h2-t h2-m heading-title\" style=\"color: \">\n    Jste firma <br>a pot\u0159ebujete poradit?  <\/h2>\n  <\/div>\n        <button class=\"button button-primary modal-form-trigger\" data-content=\"contact-b2b\" type=\"button\">Kontakt<\/button>\n        <svg class=\"prefooter-box-icon\" xmlns=\"http:\/\/www.w3.org\/2000\/svg\" width=\"90\" height=\"115\" viewBox=\"0 0 90 115\" fill=\"none\">\n          <path d=\"M49.7778 40.5836H2V112.25H49.7778V40.5836Z\" stroke=\"#D9D2BB\" stroke-width=\"4\" stroke-linecap=\"square\" stroke-linejoin=\"bevel\"\/>\n          <path d=\"M88.0004 112.25H49.7782V40.5835H40.2227V2.36133H88.0004V112.25Z\" stroke=\"#D9D2BB\" stroke-width=\"4\" stroke-linecap=\"square\" stroke-linejoin=\"bevel\"\/>\n          <path d=\"M78.4447 97.9169H64.1113V112.25H78.4447V97.9169Z\" stroke=\"#D9D2BB\" stroke-width=\"4\" stroke-linecap=\"square\" stroke-linejoin=\"bevel\"\/>\n          <path d=\"M25.888 97.9169H11.5547V112.25H25.888V97.9169Z\" stroke=\"#D9D2BB\" stroke-width=\"4\" stroke-linecap=\"square\" stroke-linejoin=\"bevel\"\/>\n          <path d=\"M2 50.1391H21.1111\" stroke=\"#D9D2BB\" stroke-width=\"4\" stroke-linecap=\"square\" stroke-linejoin=\"bevel\"\/>\n          <path d=\"M2 59.6947H16.3333\" stroke=\"#D9D2BB\" stroke-width=\"4\" stroke-linecap=\"square\" stroke-linejoin=\"bevel\"\/>\n          <path d=\"M40.2227 21.4724H59.3338\" stroke=\"#D9D2BB\" stroke-width=\"4\" stroke-linecap=\"square\" stroke-linejoin=\"bevel\"\/>\n          <path d=\"M40.2227 11.9169H68.8893\" stroke=\"#D9D2BB\" stroke-width=\"4\" stroke-linecap=\"square\" stroke-linejoin=\"bevel\"\/>\n          <path d=\"M40.2227 31.028H54.556\" stroke=\"#D9D2BB\" stroke-width=\"4\" stroke-linecap=\"square\" stroke-linejoin=\"bevel\"\/>\n          <path d=\"M2 69.2502H11.5556\" stroke=\"#D9D2BB\" stroke-width=\"4\" stroke-linecap=\"square\" stroke-linejoin=\"bevel\"\/>\n        <\/svg>\n      <\/div>\n    <\/div>\n  <\/div>\n<\/section>","protected":false},"excerpt":{"rendered":"","protected":false},"author":1,"featured_media":0,"parent":0,"menu_order":0,"comment_status":"closed","ping_status":"closed","template":"page-templates\/favorite.php","meta":{"inline_featured_image":false,"footnotes":""},"class_list":["post-1354","page","type-page","status-publish","hentry"],"aioseo_notices":[],"meta_box":{"section-padding":false,"section-color":false,"section-has-color-second":false,"section-color-second":false},"_links":{"self":[{"href":"https:\/\/test.weraso.com\/cz\/wp-json\/wp\/v2\/pages\/1354","targetHints":{"allow":["GET"]}}],"collection":[{"href":"https:\/\/test.weraso.com\/cz\/wp-json\/wp\/v2\/pages"}],"about":[{"href":"https:\/\/test.weraso.com\/cz\/wp-json\/wp\/v2\/types\/page"}],"author":[{"embeddable":true,"href":"https:\/\/test.weraso.com\/cz\/wp-json\/wp\/v2\/users\/1"}],"replies":[{"embeddable":true,"href":"https:\/\/test.weraso.com\/cz\/wp-json\/wp\/v2\/comments?post=1354"}],"version-history":[{"count":2,"href":"https:\/\/test.weraso.com\/cz\/wp-json\/wp\/v2\/pages\/1354\/revisions"}],"predecessor-version":[{"id":1357,"href":"https:\/\/test.weraso.com\/cz\/wp-json\/wp\/v2\/pages\/1354\/revisions\/1357"}],"wp:attachment":[{"href":"https:\/\/test.weraso.com\/cz\/wp-json\/wp\/v2\/media?parent=1354"}],"curies":[{"name":"wp","href":"https:\/\/api.w.org\/{rel}","templated":true}]}}