{"id":2632,"date":"2025-03-24T16:10:42","date_gmt":"2025-03-24T16:10:42","guid":{"rendered":"https:\/\/weraso.com\/showroom\/"},"modified":"2025-03-25T15:14:41","modified_gmt":"2025-03-25T15:14:41","slug":"showroom","status":"publish","type":"page","link":"https:\/\/test.weraso.com\/cz\/showroom\/","title":{"rendered":"Showroom"},"content":{"rendered":"<section id=\"section69ed312b9ce38\" class=\"section section section-padding-\" style=\"background: ; --vs-button-background: ;\">\n    <div class=\"container\">\n      \n\n<div id=\"heading69ed312b9bcfd\" class=\"heading heading-has-text heading-descpos-right\">\n  <h1 class=\"h2 h2-t h2-m heading-title\" style=\"color: #2A4C48\">\n    Showroom  <\/h1>\n  <div class=\"heading-content\">    <div class=\"heading-description p\">\n      <p>Vytv\u00e1\u0159\u00edte prostory, kter\u00e9 mus\u00ed zaujmout na prvn\u00ed pohled? Pot\u0159ebujete vid\u011bt, c\u00edtit a pochopit kvalitu n\u00e1bytku na m\u00edru, se kter\u00fdm pracujete? Pokud jste interi\u00e9rov\u00fd design\u00e9r, architekt, developer, n\u00e1\u0161 showroom je m\u00edstem, kde se inspirace pot\u00fdk\u00e1 s precizn\u00edm \u0159emeslem.<\/p>\n    <\/div>\n    <\/div><\/div>\n\n\n\n<div class=\"media-content media-content-align-top media-content-position-left media-content-position-mobile-top media-content-media-type-image media-content-overflow-none\">\n  <div class=\"media-content-content\" style=\"width: calc(50% - 50px)\">\n        \n\n<div id=\"text-block69ed312b9beb3\" class=\"text-block text-block-columns-\" style=\"margin-top: px; margin-bottom: px;\">\n  <\/div>\n\n\n<div id=\"text-block69ed312b9bfa6\" class=\"text-block text-block-columns-1 text-block-small\" style=\"margin-top: 0px; margin-bottom: 0px;\">\n  <p>V na\u0161em showroomu v\u00e1m r\u00e1di uk\u00e1\u017eeme, co v\u0161echno um\u00edme vyrobit \u2013 a hlavn\u011b, jak v\u00e1m to m\u016f\u017ee pomoci u va\u0161ich projekt\u016f. Nab\u00edz\u00edme v\u00e1m jedine\u010dnou p\u0159\u00edle\u017eitost vid\u011bt na\u0161e n\u00e1bytkov\u00e1 \u0159e\u0161en\u00ed na m\u00edru v exkluzivn\u00edm prost\u0159ed\u00ed, kde se v\u00e1m budeme pln\u011b v\u011bnovat.<\/p>\n<p>&nbsp;<\/p>\n<p>Kde? Budova Rosum, Bajkalsk\u00e1 19\/B, Bratislava<\/p>\n<p>Kdy? Pond\u011bl\u00ed &#8211; P\u00e1tek, 14:00 &#8211; 17:00 hodin<\/p>\n<p>Jak dlouho? 90 minut pln\u00e9 pozornosti<\/p>\n<p>&nbsp;<\/p>\n<p>B\u011bhem rezervovan\u00e9ho \u010dasu v\u00e1s osobn\u011b provedeme prostorem, p\u0159edstav\u00edme v\u00e1m na\u0161e materi\u00e1ly, designov\u00e1 \u0159e\u0161en\u00ed a zodpov\u00edme v\u0161echny va\u0161e dotazy. Chceme, abyste si mohli detailn\u011b prohl\u00e9dnout a vyzkou\u0161et na\u0161e produkty bez jak\u00e9hokoli shonu.<\/p>\n<p>&nbsp;<\/p>\n<p>Co m\u016f\u017eete o\u010dek\u00e1vat?<\/p>\n<p>Individu\u00e1ln\u00ed p\u0159\u00edstup a odborn\u00e9 poradenstv\u00ed<br \/>Detailn\u00ed prezentace pr\u00e9miov\u00fdch materi\u00e1l\u016f a n\u00e1bytk\u016f na m\u00edru<br \/>Prostor k diskusi o va\u0161ich projektech a mo\u017enostech spolupr\u00e1ce<\/p>\n<p>&nbsp;<\/p>\n<p>Rezervujte si 90minutov\u00fd slot je\u0161t\u011b dnes a p\u0159esv\u011bd\u010dte se, jak m\u016f\u017eeme spole\u010dn\u011b tvo\u0159it v\u00fdjime\u010dn\u00e9 interi\u00e9ry.<\/p>\n<\/div>\n\n<div class=\"button-group button-group-layout-vertical button-group-align-left\">\n      <a href=\"https:\/\/calendly.com\/weraso\" class=\"button button-primary\"  target=\"_blank\" >\n      Rezervujte si term\u00edn    <\/a>\n    <\/div>\n\n      <\/div>\n  <div class=\"media-content-media\" style=\"width: calc(50% - 50px)\">\n    \n<div id=\"image69ed312b9c94c\" class=\"image image-basic image-no-aspect-ratio\" style=\"margin-top: 0px; margin-bottom: 0px;\">\n  <img decoding=\"async\" class=\"expensive\" src=\"https:\/\/test.weraso.com\/wp-content\/uploads\/2025\/03\/Showroom-Weraso-2-11.jpg\" srcset=\"https:\/\/test.weraso.com\/wp-content\/uploads\/2025\/03\/Showroom-Weraso-2-11.jpg 2214w, https:\/\/test.weraso.com\/wp-content\/uploads\/2025\/03\/Showroom-Weraso-2-11-300x176.jpg 300w, https:\/\/test.weraso.com\/wp-content\/uploads\/2025\/03\/Showroom-Weraso-2-11-1024x602.jpg 1024w, https:\/\/test.weraso.com\/wp-content\/uploads\/2025\/03\/Showroom-Weraso-2-11-768x452.jpg 768w, https:\/\/test.weraso.com\/wp-content\/uploads\/2025\/03\/Showroom-Weraso-2-11-1536x903.jpg 1536w, https:\/\/test.weraso.com\/wp-content\/uploads\/2025\/03\/Showroom-Weraso-2-11-2048x1204.jpg 2048w, https:\/\/test.weraso.com\/wp-content\/uploads\/2025\/03\/Showroom-Weraso-2-11-600x353.jpg 600w\" alt=\"\">\n<\/div>  <\/div>\n<\/div>\n\n\n    <\/div>\n<\/section>\n\n<section id=\"section69ed312ba46bd\" class=\"section section section-padding-\" style=\"background: ; --vs-button-background: ;\">\n    <div class=\"container\">\n      \n\n<div id=\"gallery69ed312b9cf8e\" class=\"gallery\">\n  \n<div class=\"slider\">\n  <div class=\"swiper\" data-settings='{\"firstactive\":0}'>\n    <div class=\"swiper-wrapper\">\n              <div class=\"swiper-slide slider-slide\"><div class='gallery-item'><img class='modal-trigger expensive' src='https:\/\/test.weraso.com\/wp-content\/uploads\/2025\/03\/Showroom-Weraso-2-3-300x181.jpg' srcset='https:\/\/test.weraso.com\/wp-content\/uploads\/2025\/03\/Showroom-Weraso-2-3-300x181.jpg 300w, https:\/\/test.weraso.com\/wp-content\/uploads\/2025\/03\/Showroom-Weraso-2-3-1024x616.jpg 1024w, https:\/\/test.weraso.com\/wp-content\/uploads\/2025\/03\/Showroom-Weraso-2-3-768x462.jpg 768w, https:\/\/test.weraso.com\/wp-content\/uploads\/2025\/03\/Showroom-Weraso-2-3-1536x924.jpg 1536w, https:\/\/test.weraso.com\/wp-content\/uploads\/2025\/03\/Showroom-Weraso-2-3-2048x1232.jpg 2048w, https:\/\/test.weraso.com\/wp-content\/uploads\/2025\/03\/Showroom-Weraso-2-3-600x361.jpg 600w' alt='' data-modal-url='https:\/\/test.weraso.com\/wp-content\/uploads\/2025\/03\/Showroom-Weraso-2-3.jpg' data-modal-title='' data-modal-group='gallery69ed312b9cf8e' \/><\/div><\/div>\n                <div class=\"swiper-slide slider-slide\"><div class='gallery-item'><img class='modal-trigger expensive' src='https:\/\/test.weraso.com\/wp-content\/uploads\/2025\/03\/Showroom-Weraso-2-4-300x179.jpg' srcset='https:\/\/test.weraso.com\/wp-content\/uploads\/2025\/03\/Showroom-Weraso-2-4-300x179.jpg 300w, https:\/\/test.weraso.com\/wp-content\/uploads\/2025\/03\/Showroom-Weraso-2-4-1024x611.jpg 1024w, https:\/\/test.weraso.com\/wp-content\/uploads\/2025\/03\/Showroom-Weraso-2-4-768x458.jpg 768w, https:\/\/test.weraso.com\/wp-content\/uploads\/2025\/03\/Showroom-Weraso-2-4-1536x916.jpg 1536w, https:\/\/test.weraso.com\/wp-content\/uploads\/2025\/03\/Showroom-Weraso-2-4-2048x1221.jpg 2048w, https:\/\/test.weraso.com\/wp-content\/uploads\/2025\/03\/Showroom-Weraso-2-4-600x358.jpg 600w' alt='' data-modal-url='https:\/\/test.weraso.com\/wp-content\/uploads\/2025\/03\/Showroom-Weraso-2-4.jpg' data-modal-title='' data-modal-group='gallery69ed312b9cf8e' \/><\/div><\/div>\n                <div class=\"swiper-slide slider-slide\"><div class='gallery-item'><img class='modal-trigger expensive' src='https:\/\/test.weraso.com\/wp-content\/uploads\/2025\/03\/Showroom-Weraso-2-5-300x178.jpg' srcset='https:\/\/test.weraso.com\/wp-content\/uploads\/2025\/03\/Showroom-Weraso-2-5-300x178.jpg 300w, https:\/\/test.weraso.com\/wp-content\/uploads\/2025\/03\/Showroom-Weraso-2-5-1024x607.jpg 1024w, https:\/\/test.weraso.com\/wp-content\/uploads\/2025\/03\/Showroom-Weraso-2-5-768x455.jpg 768w, https:\/\/test.weraso.com\/wp-content\/uploads\/2025\/03\/Showroom-Weraso-2-5-1536x910.jpg 1536w, https:\/\/test.weraso.com\/wp-content\/uploads\/2025\/03\/Showroom-Weraso-2-5-2048x1213.jpg 2048w, https:\/\/test.weraso.com\/wp-content\/uploads\/2025\/03\/Showroom-Weraso-2-5-600x356.jpg 600w' alt='' data-modal-url='https:\/\/test.weraso.com\/wp-content\/uploads\/2025\/03\/Showroom-Weraso-2-5.jpg' data-modal-title='' data-modal-group='gallery69ed312b9cf8e' \/><\/div><\/div>\n                <div class=\"swiper-slide slider-slide\"><div class='gallery-item'><img class='modal-trigger expensive' src='https:\/\/test.weraso.com\/wp-content\/uploads\/2025\/03\/Showroom-Weraso-2-6-300x173.jpg' srcset='https:\/\/test.weraso.com\/wp-content\/uploads\/2025\/03\/Showroom-Weraso-2-6-300x173.jpg 300w, https:\/\/test.weraso.com\/wp-content\/uploads\/2025\/03\/Showroom-Weraso-2-6-1024x592.jpg 1024w, https:\/\/test.weraso.com\/wp-content\/uploads\/2025\/03\/Showroom-Weraso-2-6-768x444.jpg 768w, https:\/\/test.weraso.com\/wp-content\/uploads\/2025\/03\/Showroom-Weraso-2-6-1536x888.jpg 1536w, https:\/\/test.weraso.com\/wp-content\/uploads\/2025\/03\/Showroom-Weraso-2-6-2048x1184.jpg 2048w, https:\/\/test.weraso.com\/wp-content\/uploads\/2025\/03\/Showroom-Weraso-2-6-600x347.jpg 600w' alt='' data-modal-url='https:\/\/test.weraso.com\/wp-content\/uploads\/2025\/03\/Showroom-Weraso-2-6.jpg' data-modal-title='' data-modal-group='gallery69ed312b9cf8e' \/><\/div><\/div>\n                <div class=\"swiper-slide slider-slide\"><div class='gallery-item'><img class='modal-trigger expensive' src='https:\/\/test.weraso.com\/wp-content\/uploads\/2025\/03\/Showroom-Weraso-2-7-300x184.jpg' srcset='https:\/\/test.weraso.com\/wp-content\/uploads\/2025\/03\/Showroom-Weraso-2-7-300x184.jpg 300w, https:\/\/test.weraso.com\/wp-content\/uploads\/2025\/03\/Showroom-Weraso-2-7-1024x628.jpg 1024w, https:\/\/test.weraso.com\/wp-content\/uploads\/2025\/03\/Showroom-Weraso-2-7-768x471.jpg 768w, https:\/\/test.weraso.com\/wp-content\/uploads\/2025\/03\/Showroom-Weraso-2-7-1536x942.jpg 1536w, https:\/\/test.weraso.com\/wp-content\/uploads\/2025\/03\/Showroom-Weraso-2-7-2048x1256.jpg 2048w, https:\/\/test.weraso.com\/wp-content\/uploads\/2025\/03\/Showroom-Weraso-2-7-600x368.jpg 600w' alt='' data-modal-url='https:\/\/test.weraso.com\/wp-content\/uploads\/2025\/03\/Showroom-Weraso-2-7.jpg' data-modal-title='' data-modal-group='gallery69ed312b9cf8e' \/><\/div><\/div>\n                <div class=\"swiper-slide slider-slide\"><div class='gallery-item'><img class='modal-trigger expensive' src='https:\/\/test.weraso.com\/wp-content\/uploads\/2025\/03\/Showroom-Weraso-2-8-300x179.jpg' srcset='https:\/\/test.weraso.com\/wp-content\/uploads\/2025\/03\/Showroom-Weraso-2-8-300x179.jpg 300w, https:\/\/test.weraso.com\/wp-content\/uploads\/2025\/03\/Showroom-Weraso-2-8-1024x610.jpg 1024w, https:\/\/test.weraso.com\/wp-content\/uploads\/2025\/03\/Showroom-Weraso-2-8-768x457.jpg 768w, https:\/\/test.weraso.com\/wp-content\/uploads\/2025\/03\/Showroom-Weraso-2-8-1536x914.jpg 1536w, https:\/\/test.weraso.com\/wp-content\/uploads\/2025\/03\/Showroom-Weraso-2-8-2048x1219.jpg 2048w, https:\/\/test.weraso.com\/wp-content\/uploads\/2025\/03\/Showroom-Weraso-2-8-600x357.jpg 600w' alt='' data-modal-url='https:\/\/test.weraso.com\/wp-content\/uploads\/2025\/03\/Showroom-Weraso-2-8.jpg' data-modal-title='' data-modal-group='gallery69ed312b9cf8e' \/><\/div><\/div>\n                <div class=\"swiper-slide slider-slide\"><div class='gallery-item'><img class='modal-trigger expensive' src='https:\/\/test.weraso.com\/wp-content\/uploads\/2025\/03\/Showroom-Weraso-2-9-300x178.jpg' srcset='https:\/\/test.weraso.com\/wp-content\/uploads\/2025\/03\/Showroom-Weraso-2-9-300x178.jpg 300w, https:\/\/test.weraso.com\/wp-content\/uploads\/2025\/03\/Showroom-Weraso-2-9-1024x607.jpg 1024w, https:\/\/test.weraso.com\/wp-content\/uploads\/2025\/03\/Showroom-Weraso-2-9-768x455.jpg 768w, https:\/\/test.weraso.com\/wp-content\/uploads\/2025\/03\/Showroom-Weraso-2-9-1536x910.jpg 1536w, https:\/\/test.weraso.com\/wp-content\/uploads\/2025\/03\/Showroom-Weraso-2-9-2048x1214.jpg 2048w, https:\/\/test.weraso.com\/wp-content\/uploads\/2025\/03\/Showroom-Weraso-2-9-600x356.jpg 600w' alt='' data-modal-url='https:\/\/test.weraso.com\/wp-content\/uploads\/2025\/03\/Showroom-Weraso-2-9.jpg' data-modal-title='' data-modal-group='gallery69ed312b9cf8e' \/><\/div><\/div>\n                <div class=\"swiper-slide slider-slide\"><div class='gallery-item'><img class='modal-trigger expensive' src='https:\/\/test.weraso.com\/wp-content\/uploads\/2025\/03\/Showroom-Weraso-2-10-300x177.jpg' srcset='https:\/\/test.weraso.com\/wp-content\/uploads\/2025\/03\/Showroom-Weraso-2-10-300x177.jpg 300w, https:\/\/test.weraso.com\/wp-content\/uploads\/2025\/03\/Showroom-Weraso-2-10-1024x606.jpg 1024w, https:\/\/test.weraso.com\/wp-content\/uploads\/2025\/03\/Showroom-Weraso-2-10-768x454.jpg 768w, https:\/\/test.weraso.com\/wp-content\/uploads\/2025\/03\/Showroom-Weraso-2-10-1536x909.jpg 1536w, https:\/\/test.weraso.com\/wp-content\/uploads\/2025\/03\/Showroom-Weraso-2-10-2048x1211.jpg 2048w, https:\/\/test.weraso.com\/wp-content\/uploads\/2025\/03\/Showroom-Weraso-2-10-600x355.jpg 600w' alt='' data-modal-url='https:\/\/test.weraso.com\/wp-content\/uploads\/2025\/03\/Showroom-Weraso-2-10.jpg' data-modal-title='' data-modal-group='gallery69ed312b9cf8e' \/><\/div><\/div>\n                <div class=\"swiper-slide slider-slide\"><div class='gallery-item'><img class='modal-trigger expensive' src='https:\/\/test.weraso.com\/wp-content\/uploads\/2025\/03\/Showroom-Weraso-2-12-300x181.jpg' srcset='https:\/\/test.weraso.com\/wp-content\/uploads\/2025\/03\/Showroom-Weraso-2-12-300x181.jpg 300w, https:\/\/test.weraso.com\/wp-content\/uploads\/2025\/03\/Showroom-Weraso-2-12-1024x619.jpg 1024w, https:\/\/test.weraso.com\/wp-content\/uploads\/2025\/03\/Showroom-Weraso-2-12-768x465.jpg 768w, https:\/\/test.weraso.com\/wp-content\/uploads\/2025\/03\/Showroom-Weraso-2-12-1536x929.jpg 1536w, https:\/\/test.weraso.com\/wp-content\/uploads\/2025\/03\/Showroom-Weraso-2-12-2048x1239.jpg 2048w, https:\/\/test.weraso.com\/wp-content\/uploads\/2025\/03\/Showroom-Weraso-2-12-600x363.jpg 600w' alt='' data-modal-url='https:\/\/test.weraso.com\/wp-content\/uploads\/2025\/03\/Showroom-Weraso-2-12.jpg' data-modal-title='' data-modal-group='gallery69ed312b9cf8e' \/><\/div><\/div>\n                <div class=\"swiper-slide slider-slide\"><div class='gallery-item'><img class='modal-trigger expensive' src='https:\/\/test.weraso.com\/wp-content\/uploads\/2025\/03\/Showroom-Weraso-2-13-300x179.jpg' srcset='https:\/\/test.weraso.com\/wp-content\/uploads\/2025\/03\/Showroom-Weraso-2-13-300x179.jpg 300w, https:\/\/test.weraso.com\/wp-content\/uploads\/2025\/03\/Showroom-Weraso-2-13-1024x612.jpg 1024w, https:\/\/test.weraso.com\/wp-content\/uploads\/2025\/03\/Showroom-Weraso-2-13-768x459.jpg 768w, https:\/\/test.weraso.com\/wp-content\/uploads\/2025\/03\/Showroom-Weraso-2-13-1536x918.jpg 1536w, https:\/\/test.weraso.com\/wp-content\/uploads\/2025\/03\/Showroom-Weraso-2-13-2048x1224.jpg 2048w, https:\/\/test.weraso.com\/wp-content\/uploads\/2025\/03\/Showroom-Weraso-2-13-600x359.jpg 600w' alt='' data-modal-url='https:\/\/test.weraso.com\/wp-content\/uploads\/2025\/03\/Showroom-Weraso-2-13.jpg' data-modal-title='' data-modal-group='gallery69ed312b9cf8e' \/><\/div><\/div>\n                <div class=\"swiper-slide slider-slide\"><div class='gallery-item'><img class='modal-trigger expensive' src='https:\/\/test.weraso.com\/wp-content\/uploads\/2025\/03\/Showroom-Weraso-2-14-300x180.jpg' srcset='https:\/\/test.weraso.com\/wp-content\/uploads\/2025\/03\/Showroom-Weraso-2-14-300x180.jpg 300w, https:\/\/test.weraso.com\/wp-content\/uploads\/2025\/03\/Showroom-Weraso-2-14-1024x616.jpg 1024w, https:\/\/test.weraso.com\/wp-content\/uploads\/2025\/03\/Showroom-Weraso-2-14-768x462.jpg 768w, https:\/\/test.weraso.com\/wp-content\/uploads\/2025\/03\/Showroom-Weraso-2-14-1536x923.jpg 1536w, https:\/\/test.weraso.com\/wp-content\/uploads\/2025\/03\/Showroom-Weraso-2-14-2048x1231.jpg 2048w, https:\/\/test.weraso.com\/wp-content\/uploads\/2025\/03\/Showroom-Weraso-2-14-600x361.jpg 600w' alt='' data-modal-url='https:\/\/test.weraso.com\/wp-content\/uploads\/2025\/03\/Showroom-Weraso-2-14.jpg' data-modal-title='' data-modal-group='gallery69ed312b9cf8e' \/><\/div><\/div>\n                <div class=\"swiper-slide slider-slide\"><div class='gallery-item'><img class='modal-trigger expensive' src='https:\/\/test.weraso.com\/wp-content\/uploads\/2025\/03\/Showroom-Weraso-2-15-300x180.jpg' srcset='https:\/\/test.weraso.com\/wp-content\/uploads\/2025\/03\/Showroom-Weraso-2-15-300x180.jpg 300w, https:\/\/test.weraso.com\/wp-content\/uploads\/2025\/03\/Showroom-Weraso-2-15-1024x613.jpg 1024w, https:\/\/test.weraso.com\/wp-content\/uploads\/2025\/03\/Showroom-Weraso-2-15-768x460.jpg 768w, https:\/\/test.weraso.com\/wp-content\/uploads\/2025\/03\/Showroom-Weraso-2-15-1536x919.jpg 1536w, https:\/\/test.weraso.com\/wp-content\/uploads\/2025\/03\/Showroom-Weraso-2-15-2048x1225.jpg 2048w, https:\/\/test.weraso.com\/wp-content\/uploads\/2025\/03\/Showroom-Weraso-2-15-600x359.jpg 600w' alt='' data-modal-url='https:\/\/test.weraso.com\/wp-content\/uploads\/2025\/03\/Showroom-Weraso-2-15.jpg' data-modal-title='' data-modal-group='gallery69ed312b9cf8e' \/><\/div><\/div>\n                <div class=\"swiper-slide slider-slide\"><div class='gallery-item'><img class='modal-trigger expensive' src='https:\/\/test.weraso.com\/wp-content\/uploads\/2025\/03\/Showroom-Weraso-2-16-300x179.jpg' srcset='https:\/\/test.weraso.com\/wp-content\/uploads\/2025\/03\/Showroom-Weraso-2-16-300x179.jpg 300w, https:\/\/test.weraso.com\/wp-content\/uploads\/2025\/03\/Showroom-Weraso-2-16-1024x612.jpg 1024w, https:\/\/test.weraso.com\/wp-content\/uploads\/2025\/03\/Showroom-Weraso-2-16-768x459.jpg 768w, https:\/\/test.weraso.com\/wp-content\/uploads\/2025\/03\/Showroom-Weraso-2-16-1536x917.jpg 1536w, https:\/\/test.weraso.com\/wp-content\/uploads\/2025\/03\/Showroom-Weraso-2-16-2048x1223.jpg 2048w, https:\/\/test.weraso.com\/wp-content\/uploads\/2025\/03\/Showroom-Weraso-2-16-600x358.jpg 600w' alt='' data-modal-url='https:\/\/test.weraso.com\/wp-content\/uploads\/2025\/03\/Showroom-Weraso-2-16.jpg' data-modal-title='' data-modal-group='gallery69ed312b9cf8e' \/><\/div><\/div>\n                <div class=\"swiper-slide slider-slide\"><div class='gallery-item'><img class='modal-trigger expensive' src='https:\/\/test.weraso.com\/wp-content\/uploads\/2025\/03\/Showroom-Weraso-2-17-300x177.jpg' srcset='https:\/\/test.weraso.com\/wp-content\/uploads\/2025\/03\/Showroom-Weraso-2-17-300x177.jpg 300w, https:\/\/test.weraso.com\/wp-content\/uploads\/2025\/03\/Showroom-Weraso-2-17-1024x604.jpg 1024w, https:\/\/test.weraso.com\/wp-content\/uploads\/2025\/03\/Showroom-Weraso-2-17-768x453.jpg 768w, https:\/\/test.weraso.com\/wp-content\/uploads\/2025\/03\/Showroom-Weraso-2-17-1536x906.jpg 1536w, https:\/\/test.weraso.com\/wp-content\/uploads\/2025\/03\/Showroom-Weraso-2-17-2048x1208.jpg 2048w, https:\/\/test.weraso.com\/wp-content\/uploads\/2025\/03\/Showroom-Weraso-2-17-600x354.jpg 600w' alt='' data-modal-url='https:\/\/test.weraso.com\/wp-content\/uploads\/2025\/03\/Showroom-Weraso-2-17.jpg' data-modal-title='' data-modal-group='gallery69ed312b9cf8e' \/><\/div><\/div>\n                <div class=\"swiper-slide slider-slide\"><div class='gallery-item'><img class='modal-trigger expensive' src='https:\/\/test.weraso.com\/wp-content\/uploads\/2025\/03\/Showroom-Weraso-2-18-300x176.jpg' srcset='https:\/\/test.weraso.com\/wp-content\/uploads\/2025\/03\/Showroom-Weraso-2-18-300x176.jpg 300w, https:\/\/test.weraso.com\/wp-content\/uploads\/2025\/03\/Showroom-Weraso-2-18-1024x602.jpg 1024w, https:\/\/test.weraso.com\/wp-content\/uploads\/2025\/03\/Showroom-Weraso-2-18-768x452.jpg 768w, https:\/\/test.weraso.com\/wp-content\/uploads\/2025\/03\/Showroom-Weraso-2-18-1536x903.jpg 1536w, https:\/\/test.weraso.com\/wp-content\/uploads\/2025\/03\/Showroom-Weraso-2-18-2048x1204.jpg 2048w, https:\/\/test.weraso.com\/wp-content\/uploads\/2025\/03\/Showroom-Weraso-2-18-600x353.jpg 600w' alt='' data-modal-url='https:\/\/test.weraso.com\/wp-content\/uploads\/2025\/03\/Showroom-Weraso-2-18.jpg' data-modal-title='' data-modal-group='gallery69ed312b9cf8e' \/><\/div><\/div>\n                <div class=\"swiper-slide slider-slide\"><div class='gallery-item'><img class='modal-trigger expensive' src='https:\/\/test.weraso.com\/wp-content\/uploads\/2025\/03\/Showroom-Weraso-2-19-300x180.jpg' srcset='https:\/\/test.weraso.com\/wp-content\/uploads\/2025\/03\/Showroom-Weraso-2-19-300x180.jpg 300w, https:\/\/test.weraso.com\/wp-content\/uploads\/2025\/03\/Showroom-Weraso-2-19-1024x616.jpg 1024w, https:\/\/test.weraso.com\/wp-content\/uploads\/2025\/03\/Showroom-Weraso-2-19-768x462.jpg 768w, https:\/\/test.weraso.com\/wp-content\/uploads\/2025\/03\/Showroom-Weraso-2-19-1536x924.jpg 1536w, https:\/\/test.weraso.com\/wp-content\/uploads\/2025\/03\/Showroom-Weraso-2-19-2048x1232.jpg 2048w, https:\/\/test.weraso.com\/wp-content\/uploads\/2025\/03\/Showroom-Weraso-2-19-600x361.jpg 600w' alt='' data-modal-url='https:\/\/test.weraso.com\/wp-content\/uploads\/2025\/03\/Showroom-Weraso-2-19.jpg' data-modal-title='' data-modal-group='gallery69ed312b9cf8e' \/><\/div><\/div>\n                <div class=\"swiper-slide slider-slide\"><div class='gallery-item'><img class='modal-trigger expensive' src='https:\/\/test.weraso.com\/wp-content\/uploads\/2025\/03\/Showroom-Weraso-2-20-300x181.jpg' srcset='https:\/\/test.weraso.com\/wp-content\/uploads\/2025\/03\/Showroom-Weraso-2-20-300x181.jpg 300w, https:\/\/test.weraso.com\/wp-content\/uploads\/2025\/03\/Showroom-Weraso-2-20-1024x618.jpg 1024w, https:\/\/test.weraso.com\/wp-content\/uploads\/2025\/03\/Showroom-Weraso-2-20-768x464.jpg 768w, https:\/\/test.weraso.com\/wp-content\/uploads\/2025\/03\/Showroom-Weraso-2-20-1536x928.jpg 1536w, https:\/\/test.weraso.com\/wp-content\/uploads\/2025\/03\/Showroom-Weraso-2-20-2048x1237.jpg 2048w, https:\/\/test.weraso.com\/wp-content\/uploads\/2025\/03\/Showroom-Weraso-2-20-600x362.jpg 600w' alt='' data-modal-url='https:\/\/test.weraso.com\/wp-content\/uploads\/2025\/03\/Showroom-Weraso-2-20.jpg' data-modal-title='' data-modal-group='gallery69ed312b9cf8e' \/><\/div><\/div>\n                <div class=\"swiper-slide slider-slide\"><div class='gallery-item'><img class='modal-trigger expensive' src='https:\/\/test.weraso.com\/wp-content\/uploads\/2025\/03\/Showroom-Weraso-2-21-300x180.jpg' srcset='https:\/\/test.weraso.com\/wp-content\/uploads\/2025\/03\/Showroom-Weraso-2-21-300x180.jpg 300w, https:\/\/test.weraso.com\/wp-content\/uploads\/2025\/03\/Showroom-Weraso-2-21-1024x613.jpg 1024w, https:\/\/test.weraso.com\/wp-content\/uploads\/2025\/03\/Showroom-Weraso-2-21-768x460.jpg 768w, https:\/\/test.weraso.com\/wp-content\/uploads\/2025\/03\/Showroom-Weraso-2-21-1536x920.jpg 1536w, https:\/\/test.weraso.com\/wp-content\/uploads\/2025\/03\/Showroom-Weraso-2-21-2048x1226.jpg 2048w, https:\/\/test.weraso.com\/wp-content\/uploads\/2025\/03\/Showroom-Weraso-2-21-600x359.jpg 600w' alt='' data-modal-url='https:\/\/test.weraso.com\/wp-content\/uploads\/2025\/03\/Showroom-Weraso-2-21.jpg' data-modal-title='' data-modal-group='gallery69ed312b9cf8e' \/><\/div><\/div>\n            <\/div>\n      <\/div>\n<\/div><\/div>\n\n\n    <\/div>\n<\/section>","protected":false},"excerpt":{"rendered":"","protected":false},"author":6,"featured_media":0,"parent":0,"menu_order":0,"comment_status":"closed","ping_status":"closed","template":"","meta":{"inline_featured_image":false,"footnotes":""},"class_list":["post-2632","page","type-page","status-publish","hentry"],"aioseo_notices":[],"meta_box":{"section-padding":false,"section-color":false,"section-has-color-second":false,"section-color-second":false},"_links":{"self":[{"href":"https:\/\/test.weraso.com\/cz\/wp-json\/wp\/v2\/pages\/2632","targetHints":{"allow":["GET"]}}],"collection":[{"href":"https:\/\/test.weraso.com\/cz\/wp-json\/wp\/v2\/pages"}],"about":[{"href":"https:\/\/test.weraso.com\/cz\/wp-json\/wp\/v2\/types\/page"}],"author":[{"embeddable":true,"href":"https:\/\/test.weraso.com\/cz\/wp-json\/wp\/v2\/users\/6"}],"replies":[{"embeddable":true,"href":"https:\/\/test.weraso.com\/cz\/wp-json\/wp\/v2\/comments?post=2632"}],"version-history":[{"count":2,"href":"https:\/\/test.weraso.com\/cz\/wp-json\/wp\/v2\/pages\/2632\/revisions"}],"predecessor-version":[{"id":3049,"href":"https:\/\/test.weraso.com\/cz\/wp-json\/wp\/v2\/pages\/2632\/revisions\/3049"}],"wp:attachment":[{"href":"https:\/\/test.weraso.com\/cz\/wp-json\/wp\/v2\/media?parent=2632"}],"curies":[{"name":"wp","href":"https:\/\/api.w.org\/{rel}","templated":true}]}}