{"id":1422,"date":"2024-08-15T04:16:21","date_gmt":"2024-08-15T04:16:21","guid":{"rendered":"https:\/\/weraso.com\/architekti\/"},"modified":"2025-02-12T19:07:28","modified_gmt":"2025-02-12T19:07:28","slug":"architekten","status":"publish","type":"page","link":"https:\/\/test.weraso.com\/de\/architekten\/","title":{"rendered":"Architekten"},"content":{"rendered":"<section id=\"section69ef185117497\" class=\"section section section-padding-normal\" style=\"background: #FDF8F2; --vs-button-background: #FDF8F2;\">\n    <div class=\"container\">\n      \n\n<div id=\"heading69ef1851155d6\" class=\"heading heading-has-text heading-descpos-right\">\n  <h1 class=\"h2 h2-t h2-m heading-title\" style=\"color: #2A4C48\">\n    Architekten und Studios  <\/h1>\n  <div class=\"heading-content\">    <div class=\"heading-description p\">\n      <p align=\"left\"><span style=\"font-family: Calibri, serif\"><span style=\"font-size: large\">In Zusammenarbeit mit renommierten Architekten und Designstudios bieten wir unseren Kunden ma\u00dfgeschneiderte L\u00f6sungen, die Kreativit\u00e4t mit pr\u00e4ziser Handwerkskunst verbinden.<\/span><\/span><\/p>\n    <\/div>\n    <\/div><\/div>\n\n\n\n<div class=\"media-content media-content-align-top media-content-position-left media-content-position-mobile-top media-content-media-type-image media-content-overflow-none\">\n  <div class=\"media-content-content\" style=\"width: calc(50% - 50px)\">\n        \n\n<div id=\"text-block69ef18511591c\" class=\"text-block text-block-columns-1\" style=\"margin-top: 10px; margin-bottom: 0px;\">\n  <p align=\"left\"><span style=\"font-family: Calibri, serif;\"><span style=\"font-size: large;\">Unsere Partnerschaft erm\u00f6glicht es uns, selbst die k\u00fchnsten Visionen zu verwirklichen und sie in funktionale und \u00e4sthetisch perfekte R\u00e4ume zu verwandeln, die die Bed\u00fcrfnisse und den Stil unserer Kunden genau widerspiegeln.<\/span><\/span><\/p>\n<\/div>\n\n<div class=\"button-group button-group-layout-vertical button-group-align-left\">\n      <a href=\"#architects\" class=\"button button-primary\"   >\n      Zobrazi\u0165 zoznam    <\/a>\n    <\/div>\n\n      <\/div>\n  <div class=\"media-content-media\" style=\"width: calc(50% - 50px)\">\n    \n<div id=\"image69ef185116b6b\" class=\"image image-basic\" style=\"margin-top: 0px; margin-bottom: 0px; --vs-aspect-ratio: 554 \/ 392; --vs-aspect-ratio-mobile: 554 \/ 392;\">\n  <img decoding=\"async\" class=\"expensive\" src=\"https:\/\/test.weraso.com\/wp-content\/uploads\/2024\/08\/765fba7957d097ee4f17be178c46c0f7-scaled.jpeg\" srcset=\"https:\/\/test.weraso.com\/wp-content\/uploads\/2024\/08\/765fba7957d097ee4f17be178c46c0f7-scaled.jpeg 1705w, https:\/\/test.weraso.com\/wp-content\/uploads\/2024\/08\/765fba7957d097ee4f17be178c46c0f7-200x300.jpeg 200w, https:\/\/test.weraso.com\/wp-content\/uploads\/2024\/08\/765fba7957d097ee4f17be178c46c0f7-682x1024.jpeg 682w, https:\/\/test.weraso.com\/wp-content\/uploads\/2024\/08\/765fba7957d097ee4f17be178c46c0f7-768x1153.jpeg 768w, https:\/\/test.weraso.com\/wp-content\/uploads\/2024\/08\/765fba7957d097ee4f17be178c46c0f7-1023x1536.jpeg 1023w, https:\/\/test.weraso.com\/wp-content\/uploads\/2024\/08\/765fba7957d097ee4f17be178c46c0f7-1364x2048.jpeg 1364w, https:\/\/test.weraso.com\/wp-content\/uploads\/2024\/08\/765fba7957d097ee4f17be178c46c0f7-600x901.jpeg 600w\" alt=\"\">\n<\/div>  <\/div>\n<\/div>\n\n\n    <\/div>\n<\/section>\n\n<section id=\"architects\" class=\"architects\" style=\"background: #F6F4EC; --vs-button-background: #F6F4EC;\">\n  <div class=\"section\">\n  <div class=\"container\">\n    \n<div id=\"heading69ef1851186fc\" class=\"heading heading-has-text heading-descpos-right\">\n  <h2 class=\"h2 h3-t h4-m heading-title\" style=\"color: #2A4C48\">\n    Eine Zusammenarbeit, die Sinn macht  <\/h2>\n  <div class=\"heading-content\">    <div class=\"heading-description p\">\n      <p align=\"left\"><span style=\"font-family: Calibri, serif;\"><span style=\"font-size: large;\">Wir arbeiten nur mit den besten Architekten zusammen, die unsere Leidenschaft f\u00fcr Qualit\u00e4t und innovatives Design teilen. Wenn Sie daran interessiert sind, unserem Team beizutreten und unseren Kunden au\u00dfergew\u00f6hnliche L\u00f6sungen anzubieten.<\/span><\/span><\/p>    <\/div>\n    <div class=\"button-group button-group-layout-horizontal button-group-align-left\">\n      <a href=\"\" class=\"button button-primary modal-form-trigger\" data-content=\"signup\"  >\n      Ich m\u00f6chte kooperieren    <\/a>\n    <\/div><\/div><\/div>\n    <div class=\"architects-items\">\n              <div class=\"architects-item\">\n          <div class=\"architects-item-image\">\n            <img decoding=\"async\" src=\"https:\/\/test.weraso.com\/wp-content\/uploads\/2024\/08\/ffa41ef5f749fbb89a7c99e0a2ad46dd-300x169.png\" srcset=\"https:\/\/test.weraso.com\/wp-content\/uploads\/2024\/08\/ffa41ef5f749fbb89a7c99e0a2ad46dd-300x169.png 300w, https:\/\/test.weraso.com\/wp-content\/uploads\/2024\/08\/ffa41ef5f749fbb89a7c99e0a2ad46dd-1024x576.png 1024w, https:\/\/test.weraso.com\/wp-content\/uploads\/2024\/08\/ffa41ef5f749fbb89a7c99e0a2ad46dd-768x432.png 768w, https:\/\/test.weraso.com\/wp-content\/uploads\/2024\/08\/ffa41ef5f749fbb89a7c99e0a2ad46dd-1536x864.png 1536w, https:\/\/test.weraso.com\/wp-content\/uploads\/2024\/08\/ffa41ef5f749fbb89a7c99e0a2ad46dd-2048x1152.png 2048w, https:\/\/test.weraso.com\/wp-content\/uploads\/2024\/08\/ffa41ef5f749fbb89a7c99e0a2ad46dd-600x338.png 600w\" alt=\"\">\n          <\/div>\n          <h4 class=\"architects-item-title\">momentS <\/h4>\n          <div class=\"architects-item-description p\">\n            Atelier momentS bietet komplexe Architektur- und Designdienstleistungen vom Entwurf bis zur Umsetzung in der gesamten Slowakei und im Ausland an. Wir befassen uns mit Entw\u00fcrfen aller Art \u2013 Wohngeb\u00e4ude, Gesch\u00e4ftsr\u00e4ume, Verwaltungsr\u00e4ume, Dienstleistungen, \u00f6ffentliche Geb\u00e4ude, Sport- und Freizeitgeb\u00e4ude im Rahmen einer vollst\u00e4ndigen Studie und Projektierung von Innen- und Au\u00dfenbereichen.          <\/div>\n          <button type=\"button\" class=\"architects-item-show-more\">Mehr anzeigen<\/button>\n          <button type=\"button\" class=\"architects-item-show-less\">weniger zeigen<\/button>\n        <\/div>\n            <\/div>\n  <\/div>\n  <\/div>\n  <\/section>\n\n\n<style>\n  #prefooter69ef185118c49 {\n    background: linear-gradient(180deg, #F6F4EC 0%, #F6F4EC 192px, #FDF8F2 192px, #FDF8F2 100%) !important;\n    color: white;\n  }\n<\/style>\n\n<section id=\"prefooter69ef185118c49\" class=\"section section-padding-none prefooter\">\n  <div class=\"container\">\n    <div class=\"prefooter-boxes\">\n            <div class=\"prefooter-box prefooter-box-customer\">\n        \n<div id=\"heading69ef185118f16\" class=\"heading heading-align-left\">\n  <h2 class=\"h2 h2-t h2-m heading-title\" style=\"color: \">\n    Sie sind Kunde <br>und ben\u00f6tigen Beratung?  <\/h2>\n  <\/div>\n        <button class=\"button button-primary modal-form-trigger\" data-content=\"contact-b2c\" type=\"button\">Kontakt<\/button>\n        <svg class=\"prefooter-box-icon\" xmlns=\"http:\/\/www.w3.org\/2000\/svg\" width=\"137\" height=\"115\" viewBox=\"0 0 137 115\" fill=\"none\">\n          <path d=\"M3.375 112.045H134\" stroke=\"#B6A66D\" stroke-width=\"4\" stroke-linecap=\"square\" stroke-linejoin=\"bevel\"\/>\n          <path d=\"M3.375 66.1312L60.1685 43.1746\" stroke=\"#B6A66D\" stroke-width=\"4\" stroke-linecap=\"square\" stroke-linejoin=\"bevel\"\/>\n          <path d=\"M14.7344 61.6542V112.044\" stroke=\"#B6A66D\" stroke-width=\"4\" stroke-linecap=\"square\" stroke-linejoin=\"bevel\"\/>\n          <path d=\"M51.6504 3L134.001 54.6522\" stroke=\"#B6A66D\" stroke-width=\"4\" stroke-linecap=\"square\" stroke-linejoin=\"bevel\"\/>\n          <path d=\"M122.641 47.6512V112.044\" stroke=\"#B6A66D\" stroke-width=\"4\" stroke-linecap=\"square\" stroke-linejoin=\"bevel\"\/>\n          <path d=\"M105.604 36.919V14.479H116.962V43.9781\" stroke=\"#B6A66D\" stroke-width=\"4\" stroke-linecap=\"square\" stroke-linejoin=\"bevel\"\/>\n          <path d=\"M111.283 89.087H71.5273V112.044H111.283V89.087Z\" stroke=\"#B6A66D\" stroke-width=\"4\" stroke-linecap=\"square\" stroke-linejoin=\"bevel\"\/>\n          <path d=\"M94.2441 89.087V112.044\" stroke=\"#B6A66D\" stroke-width=\"4\" stroke-linecap=\"square\" stroke-linejoin=\"bevel\"\/>\n          <path d=\"M80.0464 57.5232C84.7513 57.5232 88.5654 53.6689 88.5654 48.9145C88.5654 44.16 84.7513 40.3058 80.0464 40.3058C75.3414 40.3058 71.5273 44.16 71.5273 48.9145C71.5273 53.6689 75.3414 57.5232 80.0464 57.5232Z\" stroke=\"#B6A66D\" stroke-width=\"4\" stroke-linecap=\"square\" stroke-linejoin=\"bevel\"\/>\n          <path d=\"M48.8092 83.3493H26.0918V112.045H48.8092V83.3493Z\" stroke=\"#B6A66D\" stroke-width=\"4\" stroke-linecap=\"square\" stroke-linejoin=\"bevel\"\/>\n          <path d=\"M26.0918 71.8703H48.8092\" stroke=\"#B6A66D\" stroke-width=\"4\" stroke-linecap=\"square\" stroke-linejoin=\"bevel\"\/>\n          <path d=\"M60.168 8.45224V112.044\" stroke=\"#B6A66D\" stroke-width=\"4\" stroke-linecap=\"square\" stroke-linejoin=\"bevel\"\/>\n        <\/svg>\n      <\/div>\n      <div class=\"prefooter-box prefooter-box-client\">\n        \n<div id=\"heading69ef1851191f4\" class=\"heading heading-align-left\">\n  <h2 class=\"h2 h2-t h2-m heading-title\" style=\"color: \">\n    Sie sind ein Unternehmen <br>und ben\u00f6tigen Beratung?  <\/h2>\n  <\/div>\n        <button class=\"button button-primary modal-form-trigger\" data-content=\"contact-b2b\" type=\"button\">Kontakt<\/button>\n        <svg class=\"prefooter-box-icon\" xmlns=\"http:\/\/www.w3.org\/2000\/svg\" width=\"90\" height=\"115\" viewBox=\"0 0 90 115\" fill=\"none\">\n          <path d=\"M49.7778 40.5836H2V112.25H49.7778V40.5836Z\" stroke=\"#D9D2BB\" stroke-width=\"4\" stroke-linecap=\"square\" stroke-linejoin=\"bevel\"\/>\n          <path d=\"M88.0004 112.25H49.7782V40.5835H40.2227V2.36133H88.0004V112.25Z\" stroke=\"#D9D2BB\" stroke-width=\"4\" stroke-linecap=\"square\" stroke-linejoin=\"bevel\"\/>\n          <path d=\"M78.4447 97.9169H64.1113V112.25H78.4447V97.9169Z\" stroke=\"#D9D2BB\" stroke-width=\"4\" stroke-linecap=\"square\" stroke-linejoin=\"bevel\"\/>\n          <path d=\"M25.888 97.9169H11.5547V112.25H25.888V97.9169Z\" stroke=\"#D9D2BB\" stroke-width=\"4\" stroke-linecap=\"square\" stroke-linejoin=\"bevel\"\/>\n          <path d=\"M2 50.1391H21.1111\" stroke=\"#D9D2BB\" stroke-width=\"4\" stroke-linecap=\"square\" stroke-linejoin=\"bevel\"\/>\n          <path d=\"M2 59.6947H16.3333\" stroke=\"#D9D2BB\" stroke-width=\"4\" stroke-linecap=\"square\" stroke-linejoin=\"bevel\"\/>\n          <path d=\"M40.2227 21.4724H59.3338\" stroke=\"#D9D2BB\" stroke-width=\"4\" stroke-linecap=\"square\" stroke-linejoin=\"bevel\"\/>\n          <path d=\"M40.2227 11.9169H68.8893\" stroke=\"#D9D2BB\" stroke-width=\"4\" stroke-linecap=\"square\" stroke-linejoin=\"bevel\"\/>\n          <path d=\"M40.2227 31.028H54.556\" stroke=\"#D9D2BB\" stroke-width=\"4\" stroke-linecap=\"square\" stroke-linejoin=\"bevel\"\/>\n          <path d=\"M2 69.2502H11.5556\" stroke=\"#D9D2BB\" stroke-width=\"4\" stroke-linecap=\"square\" stroke-linejoin=\"bevel\"\/>\n        <\/svg>\n      <\/div>\n    <\/div>\n  <\/div>\n<\/section>","protected":false},"excerpt":{"rendered":"","protected":false},"author":1,"featured_media":0,"parent":0,"menu_order":0,"comment_status":"closed","ping_status":"closed","template":"","meta":{"inline_featured_image":false,"footnotes":""},"class_list":["post-1422","page","type-page","status-publish","hentry"],"aioseo_notices":[],"meta_box":{"section-padding":false,"section-color":false,"section-has-color-second":false,"section-color-second":false},"_links":{"self":[{"href":"https:\/\/test.weraso.com\/de\/wp-json\/wp\/v2\/pages\/1422","targetHints":{"allow":["GET"]}}],"collection":[{"href":"https:\/\/test.weraso.com\/de\/wp-json\/wp\/v2\/pages"}],"about":[{"href":"https:\/\/test.weraso.com\/de\/wp-json\/wp\/v2\/types\/page"}],"author":[{"embeddable":true,"href":"https:\/\/test.weraso.com\/de\/wp-json\/wp\/v2\/users\/1"}],"replies":[{"embeddable":true,"href":"https:\/\/test.weraso.com\/de\/wp-json\/wp\/v2\/comments?post=1422"}],"version-history":[{"count":4,"href":"https:\/\/test.weraso.com\/de\/wp-json\/wp\/v2\/pages\/1422\/revisions"}],"predecessor-version":[{"id":3079,"href":"https:\/\/test.weraso.com\/de\/wp-json\/wp\/v2\/pages\/1422\/revisions\/3079"}],"wp:attachment":[{"href":"https:\/\/test.weraso.com\/de\/wp-json\/wp\/v2\/media?parent=1422"}],"curies":[{"name":"wp","href":"https:\/\/api.w.org\/{rel}","templated":true}]}}