{"id":1440,"date":"2024-07-23T18:26:19","date_gmt":"2024-07-23T18:26:19","guid":{"rendered":"https:\/\/weraso.com\/faq\/"},"modified":"2025-01-23T12:38:54","modified_gmt":"2025-01-23T12:38:54","slug":"faq","status":"publish","type":"page","link":"https:\/\/test.weraso.com\/de\/faq\/","title":{"rendered":"FAQ"},"content":{"rendered":"<section id=\"section69ed44d706c19\" class=\"section section section-padding-normal\" style=\"background: #FDF8F2; --vs-button-background: #FDF8F2;\">\n    <div class=\"container\">\n      \n\n<div id=\"heading69ed44d706398\" class=\"heading heading-has-text heading-descpos-right\">\n  <h1 class=\"h2 h2-t h2-m heading-title\" style=\"color: #2A4C48\">\n    FAQ  <\/h1>\n  <div class=\"heading-content\">    <div class=\"heading-description p\">\n      <p>Unser FAQ-Bereich bietet umfassende Antworten auf die am h\u00e4ufigsten gestellten Fragen, um den Entscheidungsprozess f\u00fcr Kunden zu vereinfachen und ihnen ein klares Bild unserer Dienstleistungen und Produkte zu vermitteln.<\/p>\n    <\/div>\n    <\/div><\/div>\n\n\n\n<div id=\"collapsible69ed44d706784\" class=\"collapsible collapsible-layout-accordion\">\n  \n<div id=\"heading69ed44d7069f9\" class=\"heading heading-align-left\">\n  <h1 class=\"h2 h3-t h4-m heading-title\" style=\"color: \">\n      <\/h1>\n  <\/div>\n<div class=\"collapsible-accordion\">\n      <div class=\"collapsible-accordion-item\">\n      <button type=\"button\" class=\"collapsible-accordion-item-header\">\n        <span class=\"collapsible-accordion-item-header-counter h4-t h3\">01<\/span>\n        <h3 class=\"collapsible-accordion-item-header-title h4-t\">Wie lange ist die Lieferzeit?<\/h3>\n        <svg class=\"collapsible-accordion-item-header-toggler\" xmlns=\"http:\/\/www.w3.org\/2000\/svg\" width=\"29\" height=\"29\" viewBox=\"0 0 29 29\" fill=\"none\">\n          <path d=\"M1 14.6001H28.2\" stroke=\"#2A4C48\" stroke-width=\"1.5\" stroke-linecap=\"square\" stroke-linejoin=\"round\"\/>\n          <path d=\"M14.6001 1L14.6001 28.2\" stroke=\"#2A4C48\" stroke-width=\"1.5\" stroke-linecap=\"square\" stroke-linejoin=\"round\"\/>\n        <\/svg>\n      <\/button>\n      <div class=\"collapsible-accordion-item-content\">\n        <div class=\"collapsible-accordion-item-content-wrapper\">\n          <div class='p'>Die Standardlieferzeit f\u00fcr ma\u00dfgefertigte M\u00f6bel betr\u00e4gt 5-7 Wochen. Bei anspruchsvolleren Projekten ist die Lieferzeit individuell.<\/div>        <\/div>\n      <\/div>\n    <\/div>\n        <div class=\"collapsible-accordion-item\">\n      <button type=\"button\" class=\"collapsible-accordion-item-header\">\n        <span class=\"collapsible-accordion-item-header-counter h4-t h3\">02<\/span>\n        <h3 class=\"collapsible-accordion-item-header-title h4-t\">Aus welchen Materialien kann ich w\u00e4hlen?<\/h3>\n        <svg class=\"collapsible-accordion-item-header-toggler\" xmlns=\"http:\/\/www.w3.org\/2000\/svg\" width=\"29\" height=\"29\" viewBox=\"0 0 29 29\" fill=\"none\">\n          <path d=\"M1 14.6001H28.2\" stroke=\"#2A4C48\" stroke-width=\"1.5\" stroke-linecap=\"square\" stroke-linejoin=\"round\"\/>\n          <path d=\"M14.6001 1L14.6001 28.2\" stroke=\"#2A4C48\" stroke-width=\"1.5\" stroke-linecap=\"square\" stroke-linejoin=\"round\"\/>\n        <\/svg>\n      <\/button>\n      <div class=\"collapsible-accordion-item-content\">\n        <div class=\"collapsible-accordion-item-content-wrapper\">\n          <div class='p'>Wir bieten eine gro\u00dfe Auswahl an Materialien f\u00fcr Ihre ma\u00dfgeschneiderten M\u00f6bel. Sie k\u00f6nnen zwischen Laminat-Spanplatten, mitteldichten Spanplatten, eleganten Furnierplatten mit Oberfl\u00e4chenbehandlung oder der zeitlosen Sch\u00f6nheit von Massivholz w\u00e4hlen. Jedes Material wird sorgf\u00e4ltig ausgew\u00e4hlt, um die h\u00f6chsten Anspr\u00fcche an Qualit\u00e4t, \u00c4sthetik und Funktionalit\u00e4t zu erf\u00fcllen, die Sie erwarten.<\/div>        <\/div>\n      <\/div>\n    <\/div>\n        <div class=\"collapsible-accordion-item open\">\n      <button type=\"button\" class=\"collapsible-accordion-item-header\">\n        <span class=\"collapsible-accordion-item-header-counter h4-t h3\">03<\/span>\n        <h3 class=\"collapsible-accordion-item-header-title h4-t\">Was beeinflusst den Preis von ma\u00dfgefertigten M\u00f6beln?<\/h3>\n        <svg class=\"collapsible-accordion-item-header-toggler\" xmlns=\"http:\/\/www.w3.org\/2000\/svg\" width=\"29\" height=\"29\" viewBox=\"0 0 29 29\" fill=\"none\">\n          <path d=\"M1 14.6001H28.2\" stroke=\"#2A4C48\" stroke-width=\"1.5\" stroke-linecap=\"square\" stroke-linejoin=\"round\"\/>\n          <path d=\"M14.6001 1L14.6001 28.2\" stroke=\"#2A4C48\" stroke-width=\"1.5\" stroke-linecap=\"square\" stroke-linejoin=\"round\"\/>\n        <\/svg>\n      <\/button>\n      <div class=\"collapsible-accordion-item-content\" style='max-height: none;'>\n        <div class=\"collapsible-accordion-item-content-wrapper\">\n          <div class='p'><span class=\"LineBreakBlob BlobObject DragDrop SCXW11366715 BCX0\"><span class=\"SCXW11366715 BCX0\">Der Preis von M\u00f6beln wird von mehreren Faktoren beeinflusst, wie zum Beispiel: <\/span><\/span>\r\n<ul>\r\n \t<li>Auswahl der Materialien und Art der Verarbeitung.<\/li>\r\n \t<li>Design \u2013 egal, ob es sich um eine Standard-M\u00f6belkonstruktion oder eine speziell konstruierte Konstruktion handelt, wie z. B. Bogenkonstruktionen, fugenlose Verklebung von Kunststein oder rustikales M\u00f6beldesign. Auch eine Veredelung wie Lackieren, \u00d6len, Beizen oder andere Spezialtechniken k\u00f6nnen den Endpreis erh\u00f6hen.<\/li>\r\n \t<li>Montage und Installation \u2013 eine fachgerechte Montage ist f\u00fcr uns selbstverst\u00e4ndlich. Wir achten auf jedes Detail, einschlie\u00dflich der endg\u00fcltigen Installation des Produkts, einschlie\u00dflich der Reinigung.<\/li>\r\n \t<li>Transport und Bestimmungsort &#8211; Der Transport au\u00dferhalb von Bratislava ist kostenpflichtig und im Preis inbegriffen.<\/li>\r\n<\/ul><\/div>        <\/div>\n      <\/div>\n    <\/div>\n        <div class=\"collapsible-accordion-item\">\n      <button type=\"button\" class=\"collapsible-accordion-item-header\">\n        <span class=\"collapsible-accordion-item-header-counter h4-t h3\">04<\/span>\n        <h3 class=\"collapsible-accordion-item-header-title h4-t\">Enthalten Ihre Angebote versteckte Kosten?<\/h3>\n        <svg class=\"collapsible-accordion-item-header-toggler\" xmlns=\"http:\/\/www.w3.org\/2000\/svg\" width=\"29\" height=\"29\" viewBox=\"0 0 29 29\" fill=\"none\">\n          <path d=\"M1 14.6001H28.2\" stroke=\"#2A4C48\" stroke-width=\"1.5\" stroke-linecap=\"square\" stroke-linejoin=\"round\"\/>\n          <path d=\"M14.6001 1L14.6001 28.2\" stroke=\"#2A4C48\" stroke-width=\"1.5\" stroke-linecap=\"square\" stroke-linejoin=\"round\"\/>\n        <\/svg>\n      <\/button>\n      <div class=\"collapsible-accordion-item-content\">\n        <div class=\"collapsible-accordion-item-content-wrapper\">\n          <div class='p'>Wir setzen auf eine offene und transparente Kommunikation. Bei einer Zusammenarbeit mit uns m\u00fcssen Sie nicht mit versteckten Kosten rechnen.<\/div>        <\/div>\n      <\/div>\n    <\/div>\n        <div class=\"collapsible-accordion-item\">\n      <button type=\"button\" class=\"collapsible-accordion-item-header\">\n        <span class=\"collapsible-accordion-item-header-counter h4-t h3\">05<\/span>\n        <h3 class=\"collapsible-accordion-item-header-title h4-t\">Wie ist die Qualit\u00e4t der Verarbeitung und welche Technik verwenden Sie?<\/h3>\n        <svg class=\"collapsible-accordion-item-header-toggler\" xmlns=\"http:\/\/www.w3.org\/2000\/svg\" width=\"29\" height=\"29\" viewBox=\"0 0 29 29\" fill=\"none\">\n          <path d=\"M1 14.6001H28.2\" stroke=\"#2A4C48\" stroke-width=\"1.5\" stroke-linecap=\"square\" stroke-linejoin=\"round\"\/>\n          <path d=\"M14.6001 1L14.6001 28.2\" stroke=\"#2A4C48\" stroke-width=\"1.5\" stroke-linecap=\"square\" stroke-linejoin=\"round\"\/>\n        <\/svg>\n      <\/button>\n      <div class=\"collapsible-accordion-item-content\">\n        <div class=\"collapsible-accordion-item-content-wrapper\">\n          <div class='p'>Unsere Produktion basiert auf modernster Polyurethan-Technologie, die maximale Festigkeit und Wasserbest\u00e4ndigkeit garantiert. Ganz gleich, ob es sich um M\u00f6bel f\u00fcr ein Badezimmer, eine medizinische Einrichtung oder eine andere anspruchsvolle Umgebung handelt, jedes Detail ist auf Langlebigkeit und Zuverl\u00e4ssigkeit ausgelegt. Bei der Verklebung von ABS-Kanten und Furnieren verwenden wir Klebstoffe, die eine starke Verbindung gew\u00e4hrleisten, die resistent gegen Feuchtigkeit und Besch\u00e4digungen ist. Qualit\u00e4t, auf die Sie sich verlassen k\u00f6nnen.\r\n\r\nDurch den Einsatz von Spitzentechnologien haben wir eine nahezu vollst\u00e4ndige Automatisierung der Produktion erreicht. Von der pr\u00e4zisen Formatierung der Materialien bis hin zum Kantenkleben und Bohren \u2013 jeder Schritt des Prozesses wird mit maximaler Effizienz bew\u00e4ltigt. Das bedeutet weniger Abfall, mehr Pr\u00e4zision und eine h\u00f6here Qualit\u00e4t, die Sie zu sch\u00e4tzen wissen. Unsere modernen Zuschnittzentren garantieren, dass jedes Teil auch unter den anspruchsvollsten Bedingungen perfekt verarbeitet und einsatzbereit ist.\r\n\r\nWir erneuern und verbessern unsere Prozesse st\u00e4ndig, um maximale Genauigkeit zu erreichen. Bei der Bearbeitung von Formteilen oder Kantenradien setzen wir modernste CNC-Maschinen ein, die detailliertes Arbeiten auch bei komplexesten Anforderungen erm\u00f6glichen. Unsere Experten konzentrieren sich auf jedes Detail, damit das Endprodukt den h\u00f6chsten Anspr\u00fcchen an Qualit\u00e4t und Design entspricht.\r\n\r\nJedes M\u00f6belst\u00fcck, das unsere Werkstatt verl\u00e4sst, ist das Ergebnis pr\u00e4ziser Arbeit und Liebe zum Detail. Dank der Verwendung von PUR-Technologie, automatisierten Prozessen und fortschrittlicher CNC-Bearbeitung bringen wir Produkte auf den Markt, die nicht nur gut aussehen, sondern sich auch durch Funktionalit\u00e4t und Langlebigkeit auszeichnen.<\/div>        <\/div>\n      <\/div>\n    <\/div>\n        <div class=\"collapsible-accordion-item\">\n      <button type=\"button\" class=\"collapsible-accordion-item-header\">\n        <span class=\"collapsible-accordion-item-header-counter h4-t h3\">06<\/span>\n        <h3 class=\"collapsible-accordion-item-header-title h4-t\">Weraso- M\u00f6bel ?<\/h3>\n        <svg class=\"collapsible-accordion-item-header-toggler\" xmlns=\"http:\/\/www.w3.org\/2000\/svg\" width=\"29\" height=\"29\" viewBox=\"0 0 29 29\" fill=\"none\">\n          <path d=\"M1 14.6001H28.2\" stroke=\"#2A4C48\" stroke-width=\"1.5\" stroke-linecap=\"square\" stroke-linejoin=\"round\"\/>\n          <path d=\"M14.6001 1L14.6001 28.2\" stroke=\"#2A4C48\" stroke-width=\"1.5\" stroke-linecap=\"square\" stroke-linejoin=\"round\"\/>\n        <\/svg>\n      <\/button>\n      <div class=\"collapsible-accordion-item-content\">\n        <div class=\"collapsible-accordion-item-content-wrapper\">\n          <div class='p'>Die Oberfl\u00e4che der M\u00f6bel wird in mehrere Kategorien der Widerstandsf\u00e4higkeit und Nachhaltigkeit eingeteilt. Sie k\u00f6nnen die M\u00f6bel mit einem angefeuchteten Schwamm oder Tuch f\u00fcr Holzm\u00f6bel in Richtung der Holzstruktur behandeln. Andernfalls besteht die Gefahr, dass sich die Fasern des Handtuchs verfangen. Vermeiden Sie bei der Reinigung von M\u00f6beln generell aggressive Reinigungsmittel. Wir verf\u00fcgen \u00fcber unsere bevorzugten Reiniger und T\u00fccher, die wir zusammen mit den fertigen M\u00f6beln liefern und den Kunden in den richtigen Umgang einweisen.<\/div>        <\/div>\n      <\/div>\n    <\/div>\n        <div class=\"collapsible-accordion-item\">\n      <button type=\"button\" class=\"collapsible-accordion-item-header\">\n        <span class=\"collapsible-accordion-item-header-counter h4-t h3\">07<\/span>\n        <h3 class=\"collapsible-accordion-item-header-title h4-t\">Kann ich die Spanplatte einweichen?<\/h3>\n        <svg class=\"collapsible-accordion-item-header-toggler\" xmlns=\"http:\/\/www.w3.org\/2000\/svg\" width=\"29\" height=\"29\" viewBox=\"0 0 29 29\" fill=\"none\">\n          <path d=\"M1 14.6001H28.2\" stroke=\"#2A4C48\" stroke-width=\"1.5\" stroke-linecap=\"square\" stroke-linejoin=\"round\"\/>\n          <path d=\"M14.6001 1L14.6001 28.2\" stroke=\"#2A4C48\" stroke-width=\"1.5\" stroke-linecap=\"square\" stroke-linejoin=\"round\"\/>\n        <\/svg>\n      <\/button>\n      <div class=\"collapsible-accordion-item-content\">\n        <div class=\"collapsible-accordion-item-content-wrapper\">\n          <div class='p'>Das ist m\u00f6glich, aber es muss richtig verklebt sein. Die Kanten m\u00fcssen geschlossen und mit PUR-Kleber (Polyurethan) ohne Risse und Riefen verklebt werden. Wenn dieser Grundsatz befolgt wird, k\u00f6nnen Sie im Badezimmer beispielsweise auch Spanplatten anstelle von Keramik verwenden.<\/div>        <\/div>\n      <\/div>\n    <\/div>\n        <div class=\"collapsible-accordion-item\">\n      <button type=\"button\" class=\"collapsible-accordion-item-header\">\n        <span class=\"collapsible-accordion-item-header-counter h4-t h3\">08<\/span>\n        <h3 class=\"collapsible-accordion-item-header-title h4-t\">Wie l\u00e4uft der Umsetzungsprozess ab?<\/h3>\n        <svg class=\"collapsible-accordion-item-header-toggler\" xmlns=\"http:\/\/www.w3.org\/2000\/svg\" width=\"29\" height=\"29\" viewBox=\"0 0 29 29\" fill=\"none\">\n          <path d=\"M1 14.6001H28.2\" stroke=\"#2A4C48\" stroke-width=\"1.5\" stroke-linecap=\"square\" stroke-linejoin=\"round\"\/>\n          <path d=\"M14.6001 1L14.6001 28.2\" stroke=\"#2A4C48\" stroke-width=\"1.5\" stroke-linecap=\"square\" stroke-linejoin=\"round\"\/>\n        <\/svg>\n      <\/button>\n      <div class=\"collapsible-accordion-item-content\">\n        <div class=\"collapsible-accordion-item-content-wrapper\">\n          <div class='p'><ol>\r\n \t<li>Kontaktieren Sie uns per E-Mail und senden Sie uns grundlegende Informationen:\r\n<ul>\r\n \t<li>Ihre Vision &#8211; eine detaillierte Vorstellung Ihres Interieurs. Sie k\u00f6nnen auch Fotos als Inspiration hinzuf\u00fcgen.<\/li>\r\n \t<li>Grundriss des Raumes \u2013 vorzugsweise bema\u00dft oder mit ungef\u00e4hren Ma\u00dfen. Telefonkontakt f\u00fcr schnellere Kommunikation.<\/li>\r\n \t<li>Der Standort &#8211; er ist aufgrund von Transport und Montage Teil des Preisangebots.<\/li>\r\n \t<li>Datum \u2013 wann m\u00f6chten Sie die M\u00f6bel zu Hause haben.<\/li>\r\n<\/ul>\r\n<\/li>\r\n \t<li>Basierend auf den Anforderungen erstellen wir ein Preisangebot.<\/li>\r\n \t<li>Nach Annahme des Preisangebots folgt ein Kennenlerngespr\u00e4ch, eine Beratung und eine Pr\u00e4sentation ausgew\u00e4hlter Dekore.<\/li>\r\n \t<li>Fokus des Raumes.<\/li>\r\n \t<li>Entwicklung der Projektdokumentation, die integraler Bestandteil des Arbeitsvertrages ist.<\/li>\r\n \t<li>Auftragsfreigabe, Werkvertrag und Anzahlung.<\/li>\r\n \t<li>Implementierung und Montage.<\/li>\r\n \t<li>Protokoll\u00fcbergabe.<\/li>\r\n \t<li>Zahlung der Zusatzrechnung.<\/li>\r\n<\/ol><\/div>        <\/div>\n      <\/div>\n    <\/div>\n        <div class=\"collapsible-accordion-item\">\n      <button type=\"button\" class=\"collapsible-accordion-item-header\">\n        <span class=\"collapsible-accordion-item-header-counter h4-t h3\">09<\/span>\n        <h3 class=\"collapsible-accordion-item-header-title h4-t\">Welche Garantiezeit bieten Sie f\u00fcr Ihre M\u00f6bel an?<\/h3>\n        <svg class=\"collapsible-accordion-item-header-toggler\" xmlns=\"http:\/\/www.w3.org\/2000\/svg\" width=\"29\" height=\"29\" viewBox=\"0 0 29 29\" fill=\"none\">\n          <path d=\"M1 14.6001H28.2\" stroke=\"#2A4C48\" stroke-width=\"1.5\" stroke-linecap=\"square\" stroke-linejoin=\"round\"\/>\n          <path d=\"M14.6001 1L14.6001 28.2\" stroke=\"#2A4C48\" stroke-width=\"1.5\" stroke-linecap=\"square\" stroke-linejoin=\"round\"\/>\n        <\/svg>\n      <\/button>\n      <div class=\"collapsible-accordion-item-content\">\n        <div class=\"collapsible-accordion-item-content-wrapper\">\n          <div class='p'>Die Gew\u00e4hrleistungsfrist betr\u00e4gt 2 Jahre.<\/div>        <\/div>\n      <\/div>\n    <\/div>\n        <div class=\"collapsible-accordion-item\">\n      <button type=\"button\" class=\"collapsible-accordion-item-header\">\n        <span class=\"collapsible-accordion-item-header-counter h4-t h3\">10<\/span>\n        <h3 class=\"collapsible-accordion-item-header-title h4-t\">Welche Aufbewahrungs- und Organisationsm\u00f6glichkeiten bieten Sie an?<\/h3>\n        <svg class=\"collapsible-accordion-item-header-toggler\" xmlns=\"http:\/\/www.w3.org\/2000\/svg\" width=\"29\" height=\"29\" viewBox=\"0 0 29 29\" fill=\"none\">\n          <path d=\"M1 14.6001H28.2\" stroke=\"#2A4C48\" stroke-width=\"1.5\" stroke-linecap=\"square\" stroke-linejoin=\"round\"\/>\n          <path d=\"M14.6001 1L14.6001 28.2\" stroke=\"#2A4C48\" stroke-width=\"1.5\" stroke-linecap=\"square\" stroke-linejoin=\"round\"\/>\n        <\/svg>\n      <\/button>\n      <div class=\"collapsible-accordion-item-content\">\n        <div class=\"collapsible-accordion-item-content-wrapper\">\n          <div class='p'>Es gibt viele M\u00f6glichkeiten, Stauraum effizient zum Organisieren von Dingen zu nutzen. Gerne versorgen wir Sie mit n\u00fctzlichen Ratschl\u00e4gen, Ideen und Produkten, die wir selbst verwenden:\r\n<ul>\r\n \t<li>Garderobensysteme: verschiedene Module &#8211; klappbare Kleiderstangen, ausziehbare Module f\u00fcr Hosen, G\u00fcrtel, Krawatten, Schuhe und Accessoires.<\/li>\r\n \t<li>Schubladen: zum Organisieren von Lebensmitteln, Gew\u00fcrzen, K\u00fcchenutensilien, Werkzeugen, Eckauszugssysteme f\u00fcr besseren Zugriff auf Geschirr und K\u00fcchenutensilien.<\/li>\r\n \t<li>Integrierte B\u00fcgelbretter, W\u00e4schek\u00f6rbe und vieles mehr.<\/li>\r\n<\/ul>\r\nBei der Herstellung ma\u00dfgeschneiderter M\u00f6bel ist es wichtig, Ihre Bed\u00fcrfnisse und Vorlieben zu ber\u00fccksichtigen, damit wir die M\u00f6bel bestm\u00f6glich an Ihre Anforderungen anpassen k\u00f6nnen.<\/div>        <\/div>\n      <\/div>\n    <\/div>\n        <div class=\"collapsible-accordion-item\">\n      <button type=\"button\" class=\"collapsible-accordion-item-header\">\n        <span class=\"collapsible-accordion-item-header-counter h4-t h3\">11<\/span>\n        <h3 class=\"collapsible-accordion-item-header-title h4-t\">Beraten Sie auch im Bereich Design und Stil?<\/h3>\n        <svg class=\"collapsible-accordion-item-header-toggler\" xmlns=\"http:\/\/www.w3.org\/2000\/svg\" width=\"29\" height=\"29\" viewBox=\"0 0 29 29\" fill=\"none\">\n          <path d=\"M1 14.6001H28.2\" stroke=\"#2A4C48\" stroke-width=\"1.5\" stroke-linecap=\"square\" stroke-linejoin=\"round\"\/>\n          <path d=\"M14.6001 1L14.6001 28.2\" stroke=\"#2A4C48\" stroke-width=\"1.5\" stroke-linecap=\"square\" stroke-linejoin=\"round\"\/>\n        <\/svg>\n      <\/button>\n      <div class=\"collapsible-accordion-item-content\">\n        <div class=\"collapsible-accordion-item-content-wrapper\">\n          <div class='p'>Ja, wir beraten Sie zu Design und Stil ma\u00dfgeschneiderter M\u00f6bel. Wir sind spezialisiert auf minimalistisches, zeitloses Design, das in jedem Alter ein Garant f\u00fcr eine langfristige und nachhaltige Lebensweise ist.<\/div>        <\/div>\n      <\/div>\n    <\/div>\n    <\/div><\/div>\n\n    <\/div>\n<\/section>\n\n\n<style>\n  #prefooter69ed44d706e60 {\n    background: linear-gradient(180deg, #FDF8F2 0%, #FDF8F2 192px, #FDF8F2 192px, #FDF8F2 100%) !important;\n    color: white;\n  }\n<\/style>\n\n<section id=\"prefooter69ed44d706e60\" class=\"section section-padding-none prefooter\">\n  <div class=\"container\">\n    <div class=\"prefooter-boxes\">\n            <div class=\"prefooter-box prefooter-box-customer\">\n        \n<div id=\"heading69ed44d7070d1\" class=\"heading heading-align-left\">\n  <h2 class=\"h2 h2-t h2-m heading-title\" style=\"color: \">\n    Sie sind Kunde <br>und ben\u00f6tigen Beratung?  <\/h2>\n  <\/div>\n        <button class=\"button button-primary modal-form-trigger\" data-content=\"contact-b2c\" type=\"button\">Kontakt<\/button>\n        <svg class=\"prefooter-box-icon\" xmlns=\"http:\/\/www.w3.org\/2000\/svg\" width=\"137\" height=\"115\" viewBox=\"0 0 137 115\" fill=\"none\">\n          <path d=\"M3.375 112.045H134\" stroke=\"#B6A66D\" stroke-width=\"4\" stroke-linecap=\"square\" stroke-linejoin=\"bevel\"\/>\n          <path d=\"M3.375 66.1312L60.1685 43.1746\" stroke=\"#B6A66D\" stroke-width=\"4\" stroke-linecap=\"square\" stroke-linejoin=\"bevel\"\/>\n          <path d=\"M14.7344 61.6542V112.044\" stroke=\"#B6A66D\" stroke-width=\"4\" stroke-linecap=\"square\" stroke-linejoin=\"bevel\"\/>\n          <path d=\"M51.6504 3L134.001 54.6522\" stroke=\"#B6A66D\" stroke-width=\"4\" stroke-linecap=\"square\" stroke-linejoin=\"bevel\"\/>\n          <path d=\"M122.641 47.6512V112.044\" stroke=\"#B6A66D\" stroke-width=\"4\" stroke-linecap=\"square\" stroke-linejoin=\"bevel\"\/>\n          <path d=\"M105.604 36.919V14.479H116.962V43.9781\" stroke=\"#B6A66D\" stroke-width=\"4\" stroke-linecap=\"square\" stroke-linejoin=\"bevel\"\/>\n          <path d=\"M111.283 89.087H71.5273V112.044H111.283V89.087Z\" stroke=\"#B6A66D\" stroke-width=\"4\" stroke-linecap=\"square\" stroke-linejoin=\"bevel\"\/>\n          <path d=\"M94.2441 89.087V112.044\" stroke=\"#B6A66D\" stroke-width=\"4\" stroke-linecap=\"square\" stroke-linejoin=\"bevel\"\/>\n          <path d=\"M80.0464 57.5232C84.7513 57.5232 88.5654 53.6689 88.5654 48.9145C88.5654 44.16 84.7513 40.3058 80.0464 40.3058C75.3414 40.3058 71.5273 44.16 71.5273 48.9145C71.5273 53.6689 75.3414 57.5232 80.0464 57.5232Z\" stroke=\"#B6A66D\" stroke-width=\"4\" stroke-linecap=\"square\" stroke-linejoin=\"bevel\"\/>\n          <path d=\"M48.8092 83.3493H26.0918V112.045H48.8092V83.3493Z\" stroke=\"#B6A66D\" stroke-width=\"4\" stroke-linecap=\"square\" stroke-linejoin=\"bevel\"\/>\n          <path d=\"M26.0918 71.8703H48.8092\" stroke=\"#B6A66D\" stroke-width=\"4\" stroke-linecap=\"square\" stroke-linejoin=\"bevel\"\/>\n          <path d=\"M60.168 8.45224V112.044\" stroke=\"#B6A66D\" stroke-width=\"4\" stroke-linecap=\"square\" stroke-linejoin=\"bevel\"\/>\n        <\/svg>\n      <\/div>\n      <div class=\"prefooter-box prefooter-box-client\">\n        \n<div id=\"heading69ed44d707377\" class=\"heading heading-align-left\">\n  <h2 class=\"h2 h2-t h2-m heading-title\" style=\"color: \">\n    Sie sind ein Unternehmen <br>und ben\u00f6tigen Beratung?  <\/h2>\n  <\/div>\n        <button class=\"button button-primary modal-form-trigger\" data-content=\"contact-b2b\" type=\"button\">Kontakt<\/button>\n        <svg class=\"prefooter-box-icon\" xmlns=\"http:\/\/www.w3.org\/2000\/svg\" width=\"90\" height=\"115\" viewBox=\"0 0 90 115\" fill=\"none\">\n          <path d=\"M49.7778 40.5836H2V112.25H49.7778V40.5836Z\" stroke=\"#D9D2BB\" stroke-width=\"4\" stroke-linecap=\"square\" stroke-linejoin=\"bevel\"\/>\n          <path d=\"M88.0004 112.25H49.7782V40.5835H40.2227V2.36133H88.0004V112.25Z\" stroke=\"#D9D2BB\" stroke-width=\"4\" stroke-linecap=\"square\" stroke-linejoin=\"bevel\"\/>\n          <path d=\"M78.4447 97.9169H64.1113V112.25H78.4447V97.9169Z\" stroke=\"#D9D2BB\" stroke-width=\"4\" stroke-linecap=\"square\" stroke-linejoin=\"bevel\"\/>\n          <path d=\"M25.888 97.9169H11.5547V112.25H25.888V97.9169Z\" stroke=\"#D9D2BB\" stroke-width=\"4\" stroke-linecap=\"square\" stroke-linejoin=\"bevel\"\/>\n          <path d=\"M2 50.1391H21.1111\" stroke=\"#D9D2BB\" stroke-width=\"4\" stroke-linecap=\"square\" stroke-linejoin=\"bevel\"\/>\n          <path d=\"M2 59.6947H16.3333\" stroke=\"#D9D2BB\" stroke-width=\"4\" stroke-linecap=\"square\" stroke-linejoin=\"bevel\"\/>\n          <path d=\"M40.2227 21.4724H59.3338\" stroke=\"#D9D2BB\" stroke-width=\"4\" stroke-linecap=\"square\" stroke-linejoin=\"bevel\"\/>\n          <path d=\"M40.2227 11.9169H68.8893\" stroke=\"#D9D2BB\" stroke-width=\"4\" stroke-linecap=\"square\" stroke-linejoin=\"bevel\"\/>\n          <path d=\"M40.2227 31.028H54.556\" stroke=\"#D9D2BB\" stroke-width=\"4\" stroke-linecap=\"square\" stroke-linejoin=\"bevel\"\/>\n          <path d=\"M2 69.2502H11.5556\" stroke=\"#D9D2BB\" stroke-width=\"4\" stroke-linecap=\"square\" stroke-linejoin=\"bevel\"\/>\n        <\/svg>\n      <\/div>\n    <\/div>\n  <\/div>\n<\/section>","protected":false},"excerpt":{"rendered":"","protected":false},"author":1,"featured_media":0,"parent":0,"menu_order":0,"comment_status":"closed","ping_status":"closed","template":"page-templates\/faqs.php","meta":{"inline_featured_image":false,"footnotes":""},"class_list":["post-1440","page","type-page","status-publish","hentry"],"aioseo_notices":[],"meta_box":{"section-padding":false,"section-color":false,"section-has-color-second":false,"section-color-second":false},"_links":{"self":[{"href":"https:\/\/test.weraso.com\/de\/wp-json\/wp\/v2\/pages\/1440","targetHints":{"allow":["GET"]}}],"collection":[{"href":"https:\/\/test.weraso.com\/de\/wp-json\/wp\/v2\/pages"}],"about":[{"href":"https:\/\/test.weraso.com\/de\/wp-json\/wp\/v2\/types\/page"}],"author":[{"embeddable":true,"href":"https:\/\/test.weraso.com\/de\/wp-json\/wp\/v2\/users\/1"}],"replies":[{"embeddable":true,"href":"https:\/\/test.weraso.com\/de\/wp-json\/wp\/v2\/comments?post=1440"}],"version-history":[{"count":1,"href":"https:\/\/test.weraso.com\/de\/wp-json\/wp\/v2\/pages\/1440\/revisions"}],"predecessor-version":[{"id":1441,"href":"https:\/\/test.weraso.com\/de\/wp-json\/wp\/v2\/pages\/1440\/revisions\/1441"}],"wp:attachment":[{"href":"https:\/\/test.weraso.com\/de\/wp-json\/wp\/v2\/media?parent=1440"}],"curies":[{"name":"wp","href":"https:\/\/api.w.org\/{rel}","templated":true}]}}