{"id":2684,"date":"2025-03-28T11:44:32","date_gmt":"2025-03-28T11:44:32","guid":{"rendered":"https:\/\/weraso.com\/?page_id=2684"},"modified":"2025-03-28T12:30:31","modified_gmt":"2025-03-28T12:30:31","slug":"showroom-rosum","status":"publish","type":"page","link":"https:\/\/test.weraso.com\/de\/showroom-rosum\/","title":{"rendered":"Showroom &#8211; Rosum"},"content":{"rendered":"<section id=\"section69ed30d376fc4\" class=\"section section section-padding-small\" style=\"background: #FDF8F2; --vs-button-background: #FDF8F2;\">\n    <div class=\"container\">\n      \n\n<div id=\"heading69ed30d375655\" class=\"heading heading-has-text heading-descpos-right\">\n  <h1 class=\"h2 h2-t h2-m heading-title\" style=\"color: #2A4C48\">\n    Showroom  <\/h1>\n  <div class=\"heading-content\">    <div class=\"heading-description p\">\n      <p>Planen Sie Ihr Trauminterieur und legen Wert auf h\u00f6chste Qualit\u00e4t? Sie k\u00f6nnen sich nicht vorstellen, wie exklusive Materialien in der Realit\u00e4t wirken oder wie ma\u00dfgefertigte L\u00f6sungen funktionieren? Vereinbaren Sie einen privaten Termin in unserem Showroom \u2013 erleben Sie alles aus n\u00e4chster N\u00e4he, teilen Sie Ihre Vorstellungen mit uns und finden Sie gemeinsam mit uns die perfekte L\u00f6sung f\u00fcr Ihr Zuhause.<\/p>\n    <\/div>\n    <\/div><\/div>\n\n\n\n<div class=\"media-content media-content-align-top media-content-position-left media-content-position-mobile-top media-content-media-type-image media-content-overflow-none\">\n  <div class=\"media-content-content\" style=\"width: calc(50% - 50px)\">\n        \n\n<div id=\"text-block69ed30d3758d7\" class=\"text-block text-block-columns-\" style=\"margin-top: px; margin-bottom: px;\">\n  <\/div>\n\n\n<div id=\"text-block69ed30d375a72\" class=\"text-block text-block-columns-1 text-block-small\" style=\"margin-top: 0px; margin-bottom: 0px;\">\n  <p>In unserem Showroom zeigen wir Ihnen gerne, was wir alles f\u00fcr Sie anfertigen k\u00f6nnen \u2013 und vor allem, wie es Ihnen bei der Gestaltung Ihres Zuhauses helfen kann.<\/p>\n<p>Es erwartet Sie die Gelegenheit, ma\u00dfgefertigte M\u00f6bel in einem stilvollen Ambiente zu erleben, in dem wir uns ganz auf Sie konzentrieren.<\/p>\n<p>&nbsp;<\/p>\n<p><strong>Wo?<\/strong> Rosum Geb\u00e4ude, Bajkalsk\u00e1 19\/B, Bratislava<\/p>\n<p><strong>Wann?<\/strong> Montag \u2013 Freitag, 14:00 \u2013 17:00 Uhr<\/p>\n<p><strong>Wie lange?<\/strong> 90 Minuten nur f\u00fcr Sie<\/p>\n<p>&nbsp;<\/p>\n<p>W\u00e4hrend Ihres gebuchten Termins f\u00fchren wir Sie pers\u00f6nlich durch den Showroom, pr\u00e4sentieren Ihnen unsere Materialien und Designl\u00f6sungen und beantworten all Ihre Fragen \u2013 ganz in Ruhe und ohne Hektik.<\/p>\n<p>&nbsp;<\/p>\n<p><strong>Worauf k\u00f6nnen Sie sich freuen?<\/strong><\/p>\n<ul>\n<li>Pers\u00f6nliche Beratung und ehrliche Empfehlungen<\/li>\n<li>Die M\u00f6glichkeit, hochwertige Materialien hautnah zu erleben<\/li>\n<li>Gespr\u00e4che \u00fcber Ihre Vorstellungen, Bed\u00fcrfnisse und individuelle L\u00f6sungen<\/li>\n<\/ul>\n<p>&nbsp;<\/p>\n<p><strong>Buchen Sie Ihren 90-min\u00fctigen Termin<\/strong> noch heute und entdecken Sie, wie wir gemeinsam ein wirklich individuelles Interieur schaffen k\u00f6nnen.<\/p>\n<\/div>\n\n<div class=\"button-group button-group-layout-vertical button-group-align-left\">\n      <a href=\"https:\/\/calendly.com\/weraso\" class=\"button button-primary\"  target=\"_blank\" >\n      Termin vereinbaren    <\/a>\n    <\/div>\n\n      <\/div>\n  <div class=\"media-content-media\" style=\"width: calc(50% - 50px)\">\n    \n<div id=\"image69ed30d3768e6\" class=\"image image-basic image-no-aspect-ratio\" style=\"margin-top: 0px; margin-bottom: 0px;\">\n  <img decoding=\"async\" class=\"expensive\" src=\"https:\/\/test.weraso.com\/wp-content\/uploads\/2025\/03\/Showroom-Weraso-2-11.jpg\" srcset=\"https:\/\/test.weraso.com\/wp-content\/uploads\/2025\/03\/Showroom-Weraso-2-11.jpg 2214w, https:\/\/test.weraso.com\/wp-content\/uploads\/2025\/03\/Showroom-Weraso-2-11-300x176.jpg 300w, https:\/\/test.weraso.com\/wp-content\/uploads\/2025\/03\/Showroom-Weraso-2-11-1024x602.jpg 1024w, https:\/\/test.weraso.com\/wp-content\/uploads\/2025\/03\/Showroom-Weraso-2-11-768x452.jpg 768w, https:\/\/test.weraso.com\/wp-content\/uploads\/2025\/03\/Showroom-Weraso-2-11-1536x903.jpg 1536w, https:\/\/test.weraso.com\/wp-content\/uploads\/2025\/03\/Showroom-Weraso-2-11-2048x1204.jpg 2048w, https:\/\/test.weraso.com\/wp-content\/uploads\/2025\/03\/Showroom-Weraso-2-11-600x353.jpg 600w\" alt=\"\">\n<\/div>  <\/div>\n<\/div>\n\n\n    <\/div>\n<\/section>\n\n<section id=\"section69ed30d37d4a6\" class=\"section section section-padding-small\" style=\"background: #FDF8F2; --vs-button-background: #FDF8F2;\">\n    <div class=\"container\">\n      \n\n<div id=\"gallery69ed30d377206\" class=\"gallery\">\n  \n<div class=\"slider\">\n  <div class=\"swiper\" data-settings='{\"firstactive\":0}'>\n    <div class=\"swiper-wrapper\">\n              <div class=\"swiper-slide slider-slide\"><div class='gallery-item'><img class='modal-trigger expensive' src='https:\/\/test.weraso.com\/wp-content\/uploads\/2025\/03\/Showroom-Weraso-2-17-300x177.jpg' srcset='https:\/\/test.weraso.com\/wp-content\/uploads\/2025\/03\/Showroom-Weraso-2-17-300x177.jpg 300w, https:\/\/test.weraso.com\/wp-content\/uploads\/2025\/03\/Showroom-Weraso-2-17-1024x604.jpg 1024w, https:\/\/test.weraso.com\/wp-content\/uploads\/2025\/03\/Showroom-Weraso-2-17-768x453.jpg 768w, https:\/\/test.weraso.com\/wp-content\/uploads\/2025\/03\/Showroom-Weraso-2-17-1536x906.jpg 1536w, https:\/\/test.weraso.com\/wp-content\/uploads\/2025\/03\/Showroom-Weraso-2-17-2048x1208.jpg 2048w, https:\/\/test.weraso.com\/wp-content\/uploads\/2025\/03\/Showroom-Weraso-2-17-600x354.jpg 600w' alt='' data-modal-url='https:\/\/test.weraso.com\/wp-content\/uploads\/2025\/03\/Showroom-Weraso-2-17.jpg' data-modal-title='' data-modal-group='gallery69ed30d377206' \/><\/div><\/div>\n                <div class=\"swiper-slide slider-slide\"><div class='gallery-item'><img class='modal-trigger expensive' src='https:\/\/test.weraso.com\/wp-content\/uploads\/2025\/03\/Showroom-Weraso-2-14-300x180.jpg' srcset='https:\/\/test.weraso.com\/wp-content\/uploads\/2025\/03\/Showroom-Weraso-2-14-300x180.jpg 300w, https:\/\/test.weraso.com\/wp-content\/uploads\/2025\/03\/Showroom-Weraso-2-14-1024x616.jpg 1024w, https:\/\/test.weraso.com\/wp-content\/uploads\/2025\/03\/Showroom-Weraso-2-14-768x462.jpg 768w, https:\/\/test.weraso.com\/wp-content\/uploads\/2025\/03\/Showroom-Weraso-2-14-1536x923.jpg 1536w, https:\/\/test.weraso.com\/wp-content\/uploads\/2025\/03\/Showroom-Weraso-2-14-2048x1231.jpg 2048w, https:\/\/test.weraso.com\/wp-content\/uploads\/2025\/03\/Showroom-Weraso-2-14-600x361.jpg 600w' alt='' data-modal-url='https:\/\/test.weraso.com\/wp-content\/uploads\/2025\/03\/Showroom-Weraso-2-14.jpg' data-modal-title='' data-modal-group='gallery69ed30d377206' \/><\/div><\/div>\n                <div class=\"swiper-slide slider-slide\"><div class='gallery-item'><img class='modal-trigger expensive' src='https:\/\/test.weraso.com\/wp-content\/uploads\/2025\/03\/Showroom-Weraso-2-12-300x181.jpg' srcset='https:\/\/test.weraso.com\/wp-content\/uploads\/2025\/03\/Showroom-Weraso-2-12-300x181.jpg 300w, https:\/\/test.weraso.com\/wp-content\/uploads\/2025\/03\/Showroom-Weraso-2-12-1024x619.jpg 1024w, https:\/\/test.weraso.com\/wp-content\/uploads\/2025\/03\/Showroom-Weraso-2-12-768x465.jpg 768w, https:\/\/test.weraso.com\/wp-content\/uploads\/2025\/03\/Showroom-Weraso-2-12-1536x929.jpg 1536w, https:\/\/test.weraso.com\/wp-content\/uploads\/2025\/03\/Showroom-Weraso-2-12-2048x1239.jpg 2048w, https:\/\/test.weraso.com\/wp-content\/uploads\/2025\/03\/Showroom-Weraso-2-12-600x363.jpg 600w' alt='' data-modal-url='https:\/\/test.weraso.com\/wp-content\/uploads\/2025\/03\/Showroom-Weraso-2-12.jpg' data-modal-title='' data-modal-group='gallery69ed30d377206' \/><\/div><\/div>\n                <div class=\"swiper-slide slider-slide\"><div class='gallery-item'><img class='modal-trigger expensive' src='https:\/\/test.weraso.com\/wp-content\/uploads\/2025\/03\/Showroom-Weraso-2-13-300x179.jpg' srcset='https:\/\/test.weraso.com\/wp-content\/uploads\/2025\/03\/Showroom-Weraso-2-13-300x179.jpg 300w, https:\/\/test.weraso.com\/wp-content\/uploads\/2025\/03\/Showroom-Weraso-2-13-1024x612.jpg 1024w, https:\/\/test.weraso.com\/wp-content\/uploads\/2025\/03\/Showroom-Weraso-2-13-768x459.jpg 768w, https:\/\/test.weraso.com\/wp-content\/uploads\/2025\/03\/Showroom-Weraso-2-13-1536x918.jpg 1536w, https:\/\/test.weraso.com\/wp-content\/uploads\/2025\/03\/Showroom-Weraso-2-13-2048x1224.jpg 2048w, https:\/\/test.weraso.com\/wp-content\/uploads\/2025\/03\/Showroom-Weraso-2-13-600x359.jpg 600w' alt='' data-modal-url='https:\/\/test.weraso.com\/wp-content\/uploads\/2025\/03\/Showroom-Weraso-2-13.jpg' data-modal-title='' data-modal-group='gallery69ed30d377206' \/><\/div><\/div>\n                <div class=\"swiper-slide slider-slide\"><div class='gallery-item'><img class='modal-trigger expensive' src='https:\/\/test.weraso.com\/wp-content\/uploads\/2025\/03\/Showroom-Weraso-2-15-300x180.jpg' srcset='https:\/\/test.weraso.com\/wp-content\/uploads\/2025\/03\/Showroom-Weraso-2-15-300x180.jpg 300w, https:\/\/test.weraso.com\/wp-content\/uploads\/2025\/03\/Showroom-Weraso-2-15-1024x613.jpg 1024w, https:\/\/test.weraso.com\/wp-content\/uploads\/2025\/03\/Showroom-Weraso-2-15-768x460.jpg 768w, https:\/\/test.weraso.com\/wp-content\/uploads\/2025\/03\/Showroom-Weraso-2-15-1536x919.jpg 1536w, https:\/\/test.weraso.com\/wp-content\/uploads\/2025\/03\/Showroom-Weraso-2-15-2048x1225.jpg 2048w, https:\/\/test.weraso.com\/wp-content\/uploads\/2025\/03\/Showroom-Weraso-2-15-600x359.jpg 600w' alt='' data-modal-url='https:\/\/test.weraso.com\/wp-content\/uploads\/2025\/03\/Showroom-Weraso-2-15.jpg' data-modal-title='' data-modal-group='gallery69ed30d377206' \/><\/div><\/div>\n                <div class=\"swiper-slide slider-slide\"><div class='gallery-item'><img class='modal-trigger expensive' src='https:\/\/test.weraso.com\/wp-content\/uploads\/2025\/03\/Showroom-Weraso-2-16-300x179.jpg' srcset='https:\/\/test.weraso.com\/wp-content\/uploads\/2025\/03\/Showroom-Weraso-2-16-300x179.jpg 300w, https:\/\/test.weraso.com\/wp-content\/uploads\/2025\/03\/Showroom-Weraso-2-16-1024x612.jpg 1024w, https:\/\/test.weraso.com\/wp-content\/uploads\/2025\/03\/Showroom-Weraso-2-16-768x459.jpg 768w, https:\/\/test.weraso.com\/wp-content\/uploads\/2025\/03\/Showroom-Weraso-2-16-1536x917.jpg 1536w, https:\/\/test.weraso.com\/wp-content\/uploads\/2025\/03\/Showroom-Weraso-2-16-2048x1223.jpg 2048w, https:\/\/test.weraso.com\/wp-content\/uploads\/2025\/03\/Showroom-Weraso-2-16-600x358.jpg 600w' alt='' data-modal-url='https:\/\/test.weraso.com\/wp-content\/uploads\/2025\/03\/Showroom-Weraso-2-16.jpg' data-modal-title='' data-modal-group='gallery69ed30d377206' \/><\/div><\/div>\n                <div class=\"swiper-slide slider-slide\"><div class='gallery-item'><img class='modal-trigger expensive' src='https:\/\/test.weraso.com\/wp-content\/uploads\/2025\/03\/Showroom-Weraso-2-21-300x180.jpg' srcset='https:\/\/test.weraso.com\/wp-content\/uploads\/2025\/03\/Showroom-Weraso-2-21-300x180.jpg 300w, https:\/\/test.weraso.com\/wp-content\/uploads\/2025\/03\/Showroom-Weraso-2-21-1024x613.jpg 1024w, https:\/\/test.weraso.com\/wp-content\/uploads\/2025\/03\/Showroom-Weraso-2-21-768x460.jpg 768w, https:\/\/test.weraso.com\/wp-content\/uploads\/2025\/03\/Showroom-Weraso-2-21-1536x920.jpg 1536w, https:\/\/test.weraso.com\/wp-content\/uploads\/2025\/03\/Showroom-Weraso-2-21-2048x1226.jpg 2048w, https:\/\/test.weraso.com\/wp-content\/uploads\/2025\/03\/Showroom-Weraso-2-21-600x359.jpg 600w' alt='' data-modal-url='https:\/\/test.weraso.com\/wp-content\/uploads\/2025\/03\/Showroom-Weraso-2-21.jpg' data-modal-title='' data-modal-group='gallery69ed30d377206' \/><\/div><\/div>\n                <div class=\"swiper-slide slider-slide\"><div class='gallery-item'><img class='modal-trigger expensive' src='https:\/\/test.weraso.com\/wp-content\/uploads\/2025\/03\/Showroom-Weraso-2-4-300x179.jpg' srcset='https:\/\/test.weraso.com\/wp-content\/uploads\/2025\/03\/Showroom-Weraso-2-4-300x179.jpg 300w, https:\/\/test.weraso.com\/wp-content\/uploads\/2025\/03\/Showroom-Weraso-2-4-1024x611.jpg 1024w, https:\/\/test.weraso.com\/wp-content\/uploads\/2025\/03\/Showroom-Weraso-2-4-768x458.jpg 768w, https:\/\/test.weraso.com\/wp-content\/uploads\/2025\/03\/Showroom-Weraso-2-4-1536x916.jpg 1536w, https:\/\/test.weraso.com\/wp-content\/uploads\/2025\/03\/Showroom-Weraso-2-4-2048x1221.jpg 2048w, https:\/\/test.weraso.com\/wp-content\/uploads\/2025\/03\/Showroom-Weraso-2-4-600x358.jpg 600w' alt='' data-modal-url='https:\/\/test.weraso.com\/wp-content\/uploads\/2025\/03\/Showroom-Weraso-2-4.jpg' data-modal-title='' data-modal-group='gallery69ed30d377206' \/><\/div><\/div>\n                <div class=\"swiper-slide slider-slide\"><div class='gallery-item'><img class='modal-trigger expensive' src='https:\/\/test.weraso.com\/wp-content\/uploads\/2025\/03\/Showroom-Weraso-2-5-300x178.jpg' srcset='https:\/\/test.weraso.com\/wp-content\/uploads\/2025\/03\/Showroom-Weraso-2-5-300x178.jpg 300w, https:\/\/test.weraso.com\/wp-content\/uploads\/2025\/03\/Showroom-Weraso-2-5-1024x607.jpg 1024w, https:\/\/test.weraso.com\/wp-content\/uploads\/2025\/03\/Showroom-Weraso-2-5-768x455.jpg 768w, https:\/\/test.weraso.com\/wp-content\/uploads\/2025\/03\/Showroom-Weraso-2-5-1536x910.jpg 1536w, https:\/\/test.weraso.com\/wp-content\/uploads\/2025\/03\/Showroom-Weraso-2-5-2048x1213.jpg 2048w, https:\/\/test.weraso.com\/wp-content\/uploads\/2025\/03\/Showroom-Weraso-2-5-600x356.jpg 600w' alt='' data-modal-url='https:\/\/test.weraso.com\/wp-content\/uploads\/2025\/03\/Showroom-Weraso-2-5.jpg' data-modal-title='' data-modal-group='gallery69ed30d377206' \/><\/div><\/div>\n                <div class=\"swiper-slide slider-slide\"><div class='gallery-item'><img class='modal-trigger expensive' src='https:\/\/test.weraso.com\/wp-content\/uploads\/2025\/03\/Showroom-Weraso-2-3-300x181.jpg' srcset='https:\/\/test.weraso.com\/wp-content\/uploads\/2025\/03\/Showroom-Weraso-2-3-300x181.jpg 300w, https:\/\/test.weraso.com\/wp-content\/uploads\/2025\/03\/Showroom-Weraso-2-3-1024x616.jpg 1024w, https:\/\/test.weraso.com\/wp-content\/uploads\/2025\/03\/Showroom-Weraso-2-3-768x462.jpg 768w, https:\/\/test.weraso.com\/wp-content\/uploads\/2025\/03\/Showroom-Weraso-2-3-1536x924.jpg 1536w, https:\/\/test.weraso.com\/wp-content\/uploads\/2025\/03\/Showroom-Weraso-2-3-2048x1232.jpg 2048w, https:\/\/test.weraso.com\/wp-content\/uploads\/2025\/03\/Showroom-Weraso-2-3-600x361.jpg 600w' alt='' data-modal-url='https:\/\/test.weraso.com\/wp-content\/uploads\/2025\/03\/Showroom-Weraso-2-3.jpg' data-modal-title='' data-modal-group='gallery69ed30d377206' \/><\/div><\/div>\n                <div class=\"swiper-slide slider-slide\"><div class='gallery-item'><img class='modal-trigger expensive' src='https:\/\/test.weraso.com\/wp-content\/uploads\/2025\/03\/Showroom-Weraso-2-6-300x173.jpg' srcset='https:\/\/test.weraso.com\/wp-content\/uploads\/2025\/03\/Showroom-Weraso-2-6-300x173.jpg 300w, https:\/\/test.weraso.com\/wp-content\/uploads\/2025\/03\/Showroom-Weraso-2-6-1024x592.jpg 1024w, https:\/\/test.weraso.com\/wp-content\/uploads\/2025\/03\/Showroom-Weraso-2-6-768x444.jpg 768w, https:\/\/test.weraso.com\/wp-content\/uploads\/2025\/03\/Showroom-Weraso-2-6-1536x888.jpg 1536w, https:\/\/test.weraso.com\/wp-content\/uploads\/2025\/03\/Showroom-Weraso-2-6-2048x1184.jpg 2048w, https:\/\/test.weraso.com\/wp-content\/uploads\/2025\/03\/Showroom-Weraso-2-6-600x347.jpg 600w' alt='' data-modal-url='https:\/\/test.weraso.com\/wp-content\/uploads\/2025\/03\/Showroom-Weraso-2-6.jpg' data-modal-title='' data-modal-group='gallery69ed30d377206' \/><\/div><\/div>\n                <div class=\"swiper-slide slider-slide\"><div class='gallery-item'><img class='modal-trigger expensive' src='https:\/\/test.weraso.com\/wp-content\/uploads\/2025\/03\/Showroom-Weraso-2-7-300x184.jpg' srcset='https:\/\/test.weraso.com\/wp-content\/uploads\/2025\/03\/Showroom-Weraso-2-7-300x184.jpg 300w, https:\/\/test.weraso.com\/wp-content\/uploads\/2025\/03\/Showroom-Weraso-2-7-1024x628.jpg 1024w, https:\/\/test.weraso.com\/wp-content\/uploads\/2025\/03\/Showroom-Weraso-2-7-768x471.jpg 768w, https:\/\/test.weraso.com\/wp-content\/uploads\/2025\/03\/Showroom-Weraso-2-7-1536x942.jpg 1536w, https:\/\/test.weraso.com\/wp-content\/uploads\/2025\/03\/Showroom-Weraso-2-7-2048x1256.jpg 2048w, https:\/\/test.weraso.com\/wp-content\/uploads\/2025\/03\/Showroom-Weraso-2-7-600x368.jpg 600w' alt='' data-modal-url='https:\/\/test.weraso.com\/wp-content\/uploads\/2025\/03\/Showroom-Weraso-2-7.jpg' data-modal-title='' data-modal-group='gallery69ed30d377206' \/><\/div><\/div>\n                <div class=\"swiper-slide slider-slide\"><div class='gallery-item'><img class='modal-trigger expensive' src='https:\/\/test.weraso.com\/wp-content\/uploads\/2025\/03\/Showroom-Weraso-2-8-300x179.jpg' srcset='https:\/\/test.weraso.com\/wp-content\/uploads\/2025\/03\/Showroom-Weraso-2-8-300x179.jpg 300w, https:\/\/test.weraso.com\/wp-content\/uploads\/2025\/03\/Showroom-Weraso-2-8-1024x610.jpg 1024w, https:\/\/test.weraso.com\/wp-content\/uploads\/2025\/03\/Showroom-Weraso-2-8-768x457.jpg 768w, https:\/\/test.weraso.com\/wp-content\/uploads\/2025\/03\/Showroom-Weraso-2-8-1536x914.jpg 1536w, https:\/\/test.weraso.com\/wp-content\/uploads\/2025\/03\/Showroom-Weraso-2-8-2048x1219.jpg 2048w, https:\/\/test.weraso.com\/wp-content\/uploads\/2025\/03\/Showroom-Weraso-2-8-600x357.jpg 600w' alt='' data-modal-url='https:\/\/test.weraso.com\/wp-content\/uploads\/2025\/03\/Showroom-Weraso-2-8.jpg' data-modal-title='' data-modal-group='gallery69ed30d377206' \/><\/div><\/div>\n            <\/div>\n      <\/div>\n<\/div><\/div>\n\n\n\n<iframe src=\"https:\/\/www.google.com\/maps\/embed?pb=!1m18!1m12!1m3!1d2659.74001055827!2d17.143943711795615!3d48.15523504981188!2m3!1f0!2f0!3f0!3m2!1i1024!2i768!4f13.1!3m3!1m2!1s0x476c892d2de8f7a3%3A0x67ff8598e44a9550!2sROSUM!5e0!3m2!1ssk!2ssk!4v1743163846484!5m2!1ssk!2ssk\" width=\"100%\" height=\"400px\" style=\"border:0; margin-top:50px;\" allowfullscreen=\"\" loading=\"lazy\" referrerpolicy=\"no-referrer-when-downgrade\"><\/iframe>\n\n\n    <\/div>\n<\/section>","protected":false},"excerpt":{"rendered":"","protected":false},"author":6,"featured_media":0,"parent":0,"menu_order":0,"comment_status":"closed","ping_status":"closed","template":"","meta":{"inline_featured_image":false,"footnotes":""},"class_list":["post-2684","page","type-page","status-publish","hentry"],"aioseo_notices":[],"meta_box":{"section-padding":false,"section-color":false,"section-has-color-second":false,"section-color-second":false},"_links":{"self":[{"href":"https:\/\/test.weraso.com\/de\/wp-json\/wp\/v2\/pages\/2684","targetHints":{"allow":["GET"]}}],"collection":[{"href":"https:\/\/test.weraso.com\/de\/wp-json\/wp\/v2\/pages"}],"about":[{"href":"https:\/\/test.weraso.com\/de\/wp-json\/wp\/v2\/types\/page"}],"author":[{"embeddable":true,"href":"https:\/\/test.weraso.com\/de\/wp-json\/wp\/v2\/users\/6"}],"replies":[{"embeddable":true,"href":"https:\/\/test.weraso.com\/de\/wp-json\/wp\/v2\/comments?post=2684"}],"version-history":[{"count":3,"href":"https:\/\/test.weraso.com\/de\/wp-json\/wp\/v2\/pages\/2684\/revisions"}],"predecessor-version":[{"id":2687,"href":"https:\/\/test.weraso.com\/de\/wp-json\/wp\/v2\/pages\/2684\/revisions\/2687"}],"wp:attachment":[{"href":"https:\/\/test.weraso.com\/de\/wp-json\/wp\/v2\/media?parent=2684"}],"curies":[{"name":"wp","href":"https:\/\/api.w.org\/{rel}","templated":true}]}}