{"id":1479,"date":"2024-07-23T18:26:19","date_gmt":"2024-07-23T18:26:19","guid":{"rendered":"https:\/\/weraso.com\/faq\/"},"modified":"2025-04-05T05:15:07","modified_gmt":"2025-04-05T05:15:07","slug":"perguntas-frequentes","status":"publish","type":"page","link":"https:\/\/test.weraso.com\/pt\/perguntas-frequentes\/","title":{"rendered":"Perguntas frequentes"},"content":{"rendered":"<section id=\"section69ed58a3e24b4\" class=\"section section section-padding-normal\" style=\"background: #FDF8F2; --vs-button-background: #FDF8F2;\">\n    <div class=\"container\">\n      \n\n<div id=\"heading69ed58a3e1d2e\" class=\"heading heading-has-text heading-descpos-right\">\n  <h1 class=\"h2 h2-t h2-m heading-title\" style=\"color: #2A4C48\">\n    Perguntas frequentes  <\/h1>\n  <div class=\"heading-content\">    <div class=\"heading-description p\">\n      <p>A nossa sec\u00e7\u00e3o de perguntas frequentes fornece respostas abrangentes \u00e0s perguntas mais frequentes para simplificar o processo de tomada de decis\u00e3o dos nossos clientes e fornecer-lhes uma ideia clara dos nossos servi\u00e7os e produtos.<\/p>\n    <\/div>\n    <\/div><\/div>\n\n\n\n<div id=\"collapsible69ed58a3e2076\" class=\"collapsible collapsible-layout-accordion\">\n  \n<div id=\"heading69ed58a3e2243\" class=\"heading heading-align-left\">\n  <h1 class=\"h2 h3-t h4-m heading-title\" style=\"color: \">\n      <\/h1>\n  <\/div>\n<div class=\"collapsible-accordion\">\n      <div class=\"collapsible-accordion-item\">\n      <button type=\"button\" class=\"collapsible-accordion-item-header\">\n        <span class=\"collapsible-accordion-item-header-counter h4-t h3\">01<\/span>\n        <h3 class=\"collapsible-accordion-item-header-title h4-t\">Qual \u00e9 o prazo de entrega?<\/h3>\n        <svg class=\"collapsible-accordion-item-header-toggler\" xmlns=\"http:\/\/www.w3.org\/2000\/svg\" width=\"29\" height=\"29\" viewBox=\"0 0 29 29\" fill=\"none\">\n          <path d=\"M1 14.6001H28.2\" stroke=\"#2A4C48\" stroke-width=\"1.5\" stroke-linecap=\"square\" stroke-linejoin=\"round\"\/>\n          <path d=\"M14.6001 1L14.6001 28.2\" stroke=\"#2A4C48\" stroke-width=\"1.5\" stroke-linecap=\"square\" stroke-linejoin=\"round\"\/>\n        <\/svg>\n      <\/button>\n      <div class=\"collapsible-accordion-item-content\">\n        <div class=\"collapsible-accordion-item-content-wrapper\">\n          <div class='p'>O prazo de entrega padr\u00e3o para m\u00f3veis feitos \u00e0 medida \u00e9 de 5 a 7 semanas. Para projetos mais exigentes, o prazo de entrega \u00e9 individual.<\/div>        <\/div>\n      <\/div>\n    <\/div>\n        <div class=\"collapsible-accordion-item\">\n      <button type=\"button\" class=\"collapsible-accordion-item-header\">\n        <span class=\"collapsible-accordion-item-header-counter h4-t h3\">02<\/span>\n        <h3 class=\"collapsible-accordion-item-header-title h4-t\">Que materiais posso escolher?<\/h3>\n        <svg class=\"collapsible-accordion-item-header-toggler\" xmlns=\"http:\/\/www.w3.org\/2000\/svg\" width=\"29\" height=\"29\" viewBox=\"0 0 29 29\" fill=\"none\">\n          <path d=\"M1 14.6001H28.2\" stroke=\"#2A4C48\" stroke-width=\"1.5\" stroke-linecap=\"square\" stroke-linejoin=\"round\"\/>\n          <path d=\"M14.6001 1L14.6001 28.2\" stroke=\"#2A4C48\" stroke-width=\"1.5\" stroke-linecap=\"square\" stroke-linejoin=\"round\"\/>\n        <\/svg>\n      <\/button>\n      <div class=\"collapsible-accordion-item-content\">\n        <div class=\"collapsible-accordion-item-content-wrapper\">\n          <div class='p'>Oferecemos uma ampla variedade de materiais para os seus m\u00f3veis personalizados. Pode escolher aglomerado laminado, aglomerado de m\u00e9dia densidade, elegantes placas folheadas com acabamento superficial ou optar por ume a beleza intemporal da madeira maci\u00e7a. Cada material \u00e9 cuidadosamente selecionado para corresponder aos mais altos padr\u00f5es de qualidade, est\u00e9tica e funcionalidade que espera.<\/div>        <\/div>\n      <\/div>\n    <\/div>\n        <div class=\"collapsible-accordion-item open\">\n      <button type=\"button\" class=\"collapsible-accordion-item-header\">\n        <span class=\"collapsible-accordion-item-header-counter h4-t h3\">03<\/span>\n        <h3 class=\"collapsible-accordion-item-header-title h4-t\">O que afeta o pre\u00e7o dos m\u00f3veis feitos \u00e0 medida?<\/h3>\n        <svg class=\"collapsible-accordion-item-header-toggler\" xmlns=\"http:\/\/www.w3.org\/2000\/svg\" width=\"29\" height=\"29\" viewBox=\"0 0 29 29\" fill=\"none\">\n          <path d=\"M1 14.6001H28.2\" stroke=\"#2A4C48\" stroke-width=\"1.5\" stroke-linecap=\"square\" stroke-linejoin=\"round\"\/>\n          <path d=\"M14.6001 1L14.6001 28.2\" stroke=\"#2A4C48\" stroke-width=\"1.5\" stroke-linecap=\"square\" stroke-linejoin=\"round\"\/>\n        <\/svg>\n      <\/button>\n      <div class=\"collapsible-accordion-item-content\" style='max-height: none;'>\n        <div class=\"collapsible-accordion-item-content-wrapper\">\n          <div class='p'>O pre\u00e7o dos m\u00f3veis \u00e9 influenciado por v\u00e1rios fatores, tais como:\r\n<ul>\r\n \t<li>Sele\u00e7\u00e3o dos materiais e tipo de processamento.<\/li>\r\n \t<li>Design \u2013 seja um design de mobili\u00e1rio padr\u00e3o ou um design especialmente concebido, como estruturas arqueadas, colagem perfeita de pedra artificial ou design de mobili\u00e1rio r\u00fastico. Os tratamentos de superf\u00edcie, como o envernizamento, o oleamento, a colora\u00e7\u00e3o ou outras t\u00e9cnicas especiais, tamb\u00e9m podem aumentar o pre\u00e7o final.<\/li>\r\n \t<li>Montagem e instala\u00e7\u00e3o \u2013 a montagem profissional \u00e9 uma quest\u00e3o de rotina. Prestamos aten\u00e7\u00e3o a cada detalhe, mesmo durante a instala\u00e7\u00e3o final do produto, incluindo a limpeza.<\/li>\r\n \t<li>Transporte e topografia &#8211; O transporte para fora de Bratislava est\u00e1 sujeito a uma taxa e os custos est\u00e3o inclu\u00eddos no pre\u00e7o.<\/li>\r\n<\/ul><\/div>        <\/div>\n      <\/div>\n    <\/div>\n        <div class=\"collapsible-accordion-item\">\n      <button type=\"button\" class=\"collapsible-accordion-item-header\">\n        <span class=\"collapsible-accordion-item-header-counter h4-t h3\">04<\/span>\n        <h3 class=\"collapsible-accordion-item-header-title h4-t\">As suas ofertas cont\u00eam custos ocultos?<\/h3>\n        <svg class=\"collapsible-accordion-item-header-toggler\" xmlns=\"http:\/\/www.w3.org\/2000\/svg\" width=\"29\" height=\"29\" viewBox=\"0 0 29 29\" fill=\"none\">\n          <path d=\"M1 14.6001H28.2\" stroke=\"#2A4C48\" stroke-width=\"1.5\" stroke-linecap=\"square\" stroke-linejoin=\"round\"\/>\n          <path d=\"M14.6001 1L14.6001 28.2\" stroke=\"#2A4C48\" stroke-width=\"1.5\" stroke-linecap=\"square\" stroke-linejoin=\"round\"\/>\n        <\/svg>\n      <\/button>\n      <div class=\"collapsible-accordion-item-content\">\n        <div class=\"collapsible-accordion-item-content-wrapper\">\n          <div class='p'>N\u00e3o. A nossa base \u00e9 uma comunica\u00e7\u00e3o aberta e transparente. N\u00e3o precisa de esperar custos ocultos ao trabalhar connosco.<\/div>        <\/div>\n      <\/div>\n    <\/div>\n        <div class=\"collapsible-accordion-item\">\n      <button type=\"button\" class=\"collapsible-accordion-item-header\">\n        <span class=\"collapsible-accordion-item-header-counter h4-t h3\">05<\/span>\n        <h3 class=\"collapsible-accordion-item-header-title h4-t\">Qual \u00e9 a qualidade do acabamento e que t\u00e9cnica utiliza?<\/h3>\n        <svg class=\"collapsible-accordion-item-header-toggler\" xmlns=\"http:\/\/www.w3.org\/2000\/svg\" width=\"29\" height=\"29\" viewBox=\"0 0 29 29\" fill=\"none\">\n          <path d=\"M1 14.6001H28.2\" stroke=\"#2A4C48\" stroke-width=\"1.5\" stroke-linecap=\"square\" stroke-linejoin=\"round\"\/>\n          <path d=\"M14.6001 1L14.6001 28.2\" stroke=\"#2A4C48\" stroke-width=\"1.5\" stroke-linecap=\"square\" stroke-linejoin=\"round\"\/>\n        <\/svg>\n      <\/button>\n      <div class=\"collapsible-accordion-item-content\">\n        <div class=\"collapsible-accordion-item-content-wrapper\">\n          <div class='p'>A nossa produ\u00e7\u00e3o baseia-se na mais avan\u00e7ada tecnologia de poliuretano, que garante a m\u00e1xima resist\u00eancia e resist\u00eancia \u00e0 \u00e1gua. Seja um m\u00f3vel de casa de banho, uma unidade de sa\u00fade ou outro ambiente exigente, cada detalhe \u00e9 feito a pensar na durabilidade e fiabilidade. Ao colar bordas e revestimentos de ABS, utilizamos adesivos que garantem uma liga\u00e7\u00e3o forte e resistente \u00e0 humidade e a danos. Qualidade em que pode confiar.\r\n\r\n<br\/><br\/>\r\n\r\nUtilizando tecnologias de ponta, conseguimos uma automatiza\u00e7\u00e3o quase completa da produ\u00e7\u00e3o. Desde a formata\u00e7\u00e3o precisa do material at\u00e9 \u00e0 colagem de arestas e \u00e0 perfura\u00e7\u00e3o, cada etapa do processo \u00e9 gerida com a m\u00e1xima efici\u00eancia. Isto significa menos desperd\u00edcio, mais precis\u00e3o e maior qualidade que ir\u00e1 apreciar. Os nossos centros de corte avan\u00e7ados garantem que cada pe\u00e7a est\u00e1 perfeitamente acabada e pronta a utilizar, mesmo nas condi\u00e7\u00f5es mais exigentes.\r\n\r\n<br\/><br\/>\r\n\r\nEstamos constantemente a inovar e a melhorar os nossos processos para atingir a m\u00e1xima precis\u00e3o. Quando trabalhamos em pe\u00e7as moldadas ou raios de bordo, utilizamos as m\u00e1quinas CNC mais modernas, que permitem um trabalho detalhado mesmo com os requisitos mais complexos. Os nossos especialistas concentram-se em cada detalhe para garantir que o produto final cumpre os mais altos padr\u00f5es de qualidade e design.\r\n\r\n<br\/><br\/>\r\n\r\nCada pe\u00e7a de mobili\u00e1rio que sai da nossa oficina \u00e9 o resultado de um trabalho meticuloso e de uma aten\u00e7\u00e3o ao detalhe. Gra\u00e7as \u00e0 utiliza\u00e7\u00e3o da tecnologia PUR, processos automatizados e maquina\u00e7\u00e3o CNC avan\u00e7ada, oferecemos produtos que n\u00e3o s\u00f3 t\u00eam um bom aspeto, como tamb\u00e9m se destacam em termos de funcionalidade e durabilidade.<\/div>        <\/div>\n      <\/div>\n    <\/div>\n        <div class=\"collapsible-accordion-item\">\n      <button type=\"button\" class=\"collapsible-accordion-item-header\">\n        <span class=\"collapsible-accordion-item-header-counter h4-t h3\">06<\/span>\n        <h3 class=\"collapsible-accordion-item-header-title h4-t\">Como cuidar dos m\u00f3veis Weraso?<\/h3>\n        <svg class=\"collapsible-accordion-item-header-toggler\" xmlns=\"http:\/\/www.w3.org\/2000\/svg\" width=\"29\" height=\"29\" viewBox=\"0 0 29 29\" fill=\"none\">\n          <path d=\"M1 14.6001H28.2\" stroke=\"#2A4C48\" stroke-width=\"1.5\" stroke-linecap=\"square\" stroke-linejoin=\"round\"\/>\n          <path d=\"M14.6001 1L14.6001 28.2\" stroke=\"#2A4C48\" stroke-width=\"1.5\" stroke-linecap=\"square\" stroke-linejoin=\"round\"\/>\n        <\/svg>\n      <\/button>\n      <div class=\"collapsible-accordion-item-content\">\n        <div class=\"collapsible-accordion-item-content-wrapper\">\n          <div class='p'>As superf\u00edcies dos m\u00f3veis est\u00e3o divididas em v\u00e1rias categorias de durabilidade e sustentabilidade. Pode tratar os m\u00f3veis com uma esponja h\u00famida ou um pano para m\u00f3veis de madeira na dire\u00e7\u00e3o dos veios da madeira. Caso contr\u00e1rio, as fibras do tecido podem ficar presas. Em geral, evite utilizar produtos de limpeza agressivos ao limpar m\u00f3veis. Temos dispon\u00edveis o nosso produto de limpeza e pano preferidos, que entregamos juntamente com o m\u00f3vel acabado e ensinaremos o cliente a utiliz\u00e1-los corretamente.<\/div>        <\/div>\n      <\/div>\n    <\/div>\n        <div class=\"collapsible-accordion-item\">\n      <button type=\"button\" class=\"collapsible-accordion-item-header\">\n        <span class=\"collapsible-accordion-item-header-counter h4-t h3\">07<\/span>\n        <h3 class=\"collapsible-accordion-item-header-title h4-t\">Posso deixar de molho o aglomerado?<\/h3>\n        <svg class=\"collapsible-accordion-item-header-toggler\" xmlns=\"http:\/\/www.w3.org\/2000\/svg\" width=\"29\" height=\"29\" viewBox=\"0 0 29 29\" fill=\"none\">\n          <path d=\"M1 14.6001H28.2\" stroke=\"#2A4C48\" stroke-width=\"1.5\" stroke-linecap=\"square\" stroke-linejoin=\"round\"\/>\n          <path d=\"M14.6001 1L14.6001 28.2\" stroke=\"#2A4C48\" stroke-width=\"1.5\" stroke-linecap=\"square\" stroke-linejoin=\"round\"\/>\n        <\/svg>\n      <\/button>\n      <div class=\"collapsible-accordion-item-content\">\n        <div class=\"collapsible-accordion-item-content-wrapper\">\n          <div class='p'>Pode, mas deve ser colado corretamente. As arestas devem ser seladas e coladas com cola PUR (poliuretano), sem qualquer folga ou ranhura. Se este princ\u00edpio for seguido, tamb\u00e9m pode utilizar aglomerado, por exemplo, na casa de banho como revestimento de parede em vez de cer\u00e2mica.<\/div>        <\/div>\n      <\/div>\n    <\/div>\n        <div class=\"collapsible-accordion-item\">\n      <button type=\"button\" class=\"collapsible-accordion-item-header\">\n        <span class=\"collapsible-accordion-item-header-counter h4-t h3\">08<\/span>\n        <h3 class=\"collapsible-accordion-item-header-title h4-t\">Qual \u00e9 o processo de implementa\u00e7\u00e3o?<\/h3>\n        <svg class=\"collapsible-accordion-item-header-toggler\" xmlns=\"http:\/\/www.w3.org\/2000\/svg\" width=\"29\" height=\"29\" viewBox=\"0 0 29 29\" fill=\"none\">\n          <path d=\"M1 14.6001H28.2\" stroke=\"#2A4C48\" stroke-width=\"1.5\" stroke-linecap=\"square\" stroke-linejoin=\"round\"\/>\n          <path d=\"M14.6001 1L14.6001 28.2\" stroke=\"#2A4C48\" stroke-width=\"1.5\" stroke-linecap=\"square\" stroke-linejoin=\"round\"\/>\n        <\/svg>\n      <\/button>\n      <div class=\"collapsible-accordion-item-content\">\n        <div class=\"collapsible-accordion-item-content-wrapper\">\n          <div class='p'><ol>\r\n \t<li>Contacte-nos por e-mail e envie-nos informa\u00e7\u00f5es b\u00e1sicas:\r\n<ul>\r\n \t<li>A sua vis\u00e3o \u2013 uma ideia detalhada do seu interior. Tamb\u00e9m pode adicionar fotos para se inspirar.<\/li>\r\n \t<li>Planta do espa\u00e7o \u2013 preferencialmente cotada ou com dimens\u00f5es aproximadas. Contacto telef\u00f3nico para comunica\u00e7\u00e3o mais r\u00e1pida.<\/li>\r\n \t<li>Localiza\u00e7\u00e3o \u2013 esta faz parte do or\u00e7amento devido ao transporte e instala\u00e7\u00e3o.<\/li>\r\n \t<li>Data \u2013 quando gostaria de ter os m\u00f3veis em casa.<\/li>\r\n<\/ul>\r\n<\/li>\r\n \t<li>Prepararemos um or\u00e7amento com base nas suas necessidades.<\/li>\r\n \t<li>Ap\u00f3s aceitar a oferta de pre\u00e7o, haver\u00e1 uma reuni\u00e3o no nosso local, consulta e apresenta\u00e7\u00e3o das decora\u00e7\u00f5es selecionadas.<\/li>\r\n \t<li>Medi\u00e7\u00e3o do espa\u00e7o.<\/li>\r\n \t<li>Elabora\u00e7\u00e3o da documenta\u00e7\u00e3o do projeto, que \u00e9 parte integrante do contrato de empreitada.<\/li>\r\n \t<li>Aprova\u00e7\u00e3o de encomenda, contrato de trabalho e pagamento antecipado.<\/li>\r\n \t<li>Implementa\u00e7\u00e3o e montagem.<\/li>\r\n \t<li>Entrega do protocolo.<\/li>\r\n \t<li>Pagamento da fatura de pagamento adicional.<\/li>\r\n<\/ol><\/div>        <\/div>\n      <\/div>\n    <\/div>\n        <div class=\"collapsible-accordion-item\">\n      <button type=\"button\" class=\"collapsible-accordion-item-header\">\n        <span class=\"collapsible-accordion-item-header-counter h4-t h3\">09<\/span>\n        <h3 class=\"collapsible-accordion-item-header-title h4-t\">Qual \u00e9 o per\u00edodo de garantia que oferecem para os vossos m\u00f3veis?<\/h3>\n        <svg class=\"collapsible-accordion-item-header-toggler\" xmlns=\"http:\/\/www.w3.org\/2000\/svg\" width=\"29\" height=\"29\" viewBox=\"0 0 29 29\" fill=\"none\">\n          <path d=\"M1 14.6001H28.2\" stroke=\"#2A4C48\" stroke-width=\"1.5\" stroke-linecap=\"square\" stroke-linejoin=\"round\"\/>\n          <path d=\"M14.6001 1L14.6001 28.2\" stroke=\"#2A4C48\" stroke-width=\"1.5\" stroke-linecap=\"square\" stroke-linejoin=\"round\"\/>\n        <\/svg>\n      <\/button>\n      <div class=\"collapsible-accordion-item-content\">\n        <div class=\"collapsible-accordion-item-content-wrapper\">\n          <div class='p'>O per\u00edodo de garantia \u00e9 de 2 anos.<\/div>        <\/div>\n      <\/div>\n    <\/div>\n        <div class=\"collapsible-accordion-item\">\n      <button type=\"button\" class=\"collapsible-accordion-item-header\">\n        <span class=\"collapsible-accordion-item-header-counter h4-t h3\">10<\/span>\n        <h3 class=\"collapsible-accordion-item-header-title h4-t\">Que op\u00e7\u00f5es de armazenamento e organiza\u00e7\u00e3o oferecem?<\/h3>\n        <svg class=\"collapsible-accordion-item-header-toggler\" xmlns=\"http:\/\/www.w3.org\/2000\/svg\" width=\"29\" height=\"29\" viewBox=\"0 0 29 29\" fill=\"none\">\n          <path d=\"M1 14.6001H28.2\" stroke=\"#2A4C48\" stroke-width=\"1.5\" stroke-linecap=\"square\" stroke-linejoin=\"round\"\/>\n          <path d=\"M14.6001 1L14.6001 28.2\" stroke=\"#2A4C48\" stroke-width=\"1.5\" stroke-linecap=\"square\" stroke-linejoin=\"round\"\/>\n        <\/svg>\n      <\/button>\n      <div class=\"collapsible-accordion-item-content\">\n        <div class=\"collapsible-accordion-item-content-wrapper\">\n          <div class='p'>H\u00e1 muitas formas de utilizar eficazmente o espa\u00e7o de armazenamento para organizar as coisas. Teremos todo o prazer em fornecer-lhe conselhos \u00fateis, ideias e produtos que n\u00f3s pr\u00f3prios utilizamos:\r\n<ul>\r\n \t<li>Sistemas de roupeiros: v\u00e1rios m\u00f3dulos \u2013 hastes de cabide dobr\u00e1veis, m\u00f3dulos extens\u00edveis para cal\u00e7as, cintos, gravatas, sapatos e acess\u00f3rios.<\/li>\r\n \t<li>Gavetas: para organizar alimentos, temperos, utens\u00edlios de cozinha, ferramentas, sistemas de extra\u00e7\u00e3o de cantos para melhor acesso a pratos e utens\u00edlios de cozinha.<\/li>\r\n \t<li>T\u00e1buas de engomar integradas, cestos de roupa e muito mais.<\/li>\r\n<\/ul>\r\nAo fazer m\u00f3veis por medida, \u00e9 importante consultar as suas necessidades e prefer\u00eancias para que possamosOs m\u00f3veis hli podem ser adaptados \u00e0s suas necessidades da melhor forma poss\u00edvel.<\/div>        <\/div>\n      <\/div>\n    <\/div>\n        <div class=\"collapsible-accordion-item\">\n      <button type=\"button\" class=\"collapsible-accordion-item-header\">\n        <span class=\"collapsible-accordion-item-header-counter h4-t h3\">11<\/span>\n        <h3 class=\"collapsible-accordion-item-header-title h4-t\">Tamb\u00e9m presta consultoria na \u00e1rea de design e estilo?<\/h3>\n        <svg class=\"collapsible-accordion-item-header-toggler\" xmlns=\"http:\/\/www.w3.org\/2000\/svg\" width=\"29\" height=\"29\" viewBox=\"0 0 29 29\" fill=\"none\">\n          <path d=\"M1 14.6001H28.2\" stroke=\"#2A4C48\" stroke-width=\"1.5\" stroke-linecap=\"square\" stroke-linejoin=\"round\"\/>\n          <path d=\"M14.6001 1L14.6001 28.2\" stroke=\"#2A4C48\" stroke-width=\"1.5\" stroke-linecap=\"square\" stroke-linejoin=\"round\"\/>\n        <\/svg>\n      <\/button>\n      <div class=\"collapsible-accordion-item-content\">\n        <div class=\"collapsible-accordion-item-content-wrapper\">\n          <div class='p'>Sim, oferecemos consultoria sobre design e estilo de mobili\u00e1rio personalizado. Somos especializados em design minimalista e intemporal que garante um estilo de vida sustent\u00e1vel e a longo prazo em qualquer idade.<\/div>        <\/div>\n      <\/div>\n    <\/div>\n    <\/div><\/div>\n\n    <\/div>\n<\/section>\n\n\n<style>\n  #prefooter69ed58a3e2729 {\n    background: linear-gradient(180deg, #FDF8F2 0%, #FDF8F2 192px, #FDF8F2 192px, #FDF8F2 100%) !important;\n    color: white;\n  }\n<\/style>\n\n<section id=\"prefooter69ed58a3e2729\" class=\"section section-padding-none prefooter\">\n  <div class=\"container\">\n    <div class=\"prefooter-boxes\">\n            <div class=\"prefooter-box prefooter-box-customer\">\n        \n<div id=\"heading69ed58a3e2978\" class=\"heading heading-align-left\">\n  <h2 class=\"h2 h2-t h2-m heading-title\" style=\"color: \">\n    \u00c9 cliente <br> e precisa de orienta\u00e7\u00e3o?  <\/h2>\n  <\/div>\n        <button class=\"button button-primary modal-form-trigger\" data-content=\"contact-b2c\" type=\"button\">Contato<\/button>\n        <svg class=\"prefooter-box-icon\" xmlns=\"http:\/\/www.w3.org\/2000\/svg\" width=\"137\" height=\"115\" viewBox=\"0 0 137 115\" fill=\"none\">\n          <path d=\"M3.375 112.045H134\" stroke=\"#B6A66D\" stroke-width=\"4\" stroke-linecap=\"square\" stroke-linejoin=\"bevel\"\/>\n          <path d=\"M3.375 66.1312L60.1685 43.1746\" stroke=\"#B6A66D\" stroke-width=\"4\" stroke-linecap=\"square\" stroke-linejoin=\"bevel\"\/>\n          <path d=\"M14.7344 61.6542V112.044\" stroke=\"#B6A66D\" stroke-width=\"4\" stroke-linecap=\"square\" stroke-linejoin=\"bevel\"\/>\n          <path d=\"M51.6504 3L134.001 54.6522\" stroke=\"#B6A66D\" stroke-width=\"4\" stroke-linecap=\"square\" stroke-linejoin=\"bevel\"\/>\n          <path d=\"M122.641 47.6512V112.044\" stroke=\"#B6A66D\" stroke-width=\"4\" stroke-linecap=\"square\" stroke-linejoin=\"bevel\"\/>\n          <path d=\"M105.604 36.919V14.479H116.962V43.9781\" stroke=\"#B6A66D\" stroke-width=\"4\" stroke-linecap=\"square\" stroke-linejoin=\"bevel\"\/>\n          <path d=\"M111.283 89.087H71.5273V112.044H111.283V89.087Z\" stroke=\"#B6A66D\" stroke-width=\"4\" stroke-linecap=\"square\" stroke-linejoin=\"bevel\"\/>\n          <path d=\"M94.2441 89.087V112.044\" stroke=\"#B6A66D\" stroke-width=\"4\" stroke-linecap=\"square\" stroke-linejoin=\"bevel\"\/>\n          <path d=\"M80.0464 57.5232C84.7513 57.5232 88.5654 53.6689 88.5654 48.9145C88.5654 44.16 84.7513 40.3058 80.0464 40.3058C75.3414 40.3058 71.5273 44.16 71.5273 48.9145C71.5273 53.6689 75.3414 57.5232 80.0464 57.5232Z\" stroke=\"#B6A66D\" stroke-width=\"4\" stroke-linecap=\"square\" stroke-linejoin=\"bevel\"\/>\n          <path d=\"M48.8092 83.3493H26.0918V112.045H48.8092V83.3493Z\" stroke=\"#B6A66D\" stroke-width=\"4\" stroke-linecap=\"square\" stroke-linejoin=\"bevel\"\/>\n          <path d=\"M26.0918 71.8703H48.8092\" stroke=\"#B6A66D\" stroke-width=\"4\" stroke-linecap=\"square\" stroke-linejoin=\"bevel\"\/>\n          <path d=\"M60.168 8.45224V112.044\" stroke=\"#B6A66D\" stroke-width=\"4\" stroke-linecap=\"square\" stroke-linejoin=\"bevel\"\/>\n        <\/svg>\n      <\/div>\n      <div class=\"prefooter-box prefooter-box-client\">\n        \n<div id=\"heading69ed58a3e2bea\" class=\"heading heading-align-left\">\n  <h2 class=\"h2 h2-t h2-m heading-title\" style=\"color: \">\n    \u00c9 uma empresa <br> e precisa de aconselhamento?  <\/h2>\n  <\/div>\n        <button class=\"button button-primary modal-form-trigger\" data-content=\"contact-b2b\" type=\"button\">Contato<\/button>\n        <svg class=\"prefooter-box-icon\" xmlns=\"http:\/\/www.w3.org\/2000\/svg\" width=\"90\" height=\"115\" viewBox=\"0 0 90 115\" fill=\"none\">\n          <path d=\"M49.7778 40.5836H2V112.25H49.7778V40.5836Z\" stroke=\"#D9D2BB\" stroke-width=\"4\" stroke-linecap=\"square\" stroke-linejoin=\"bevel\"\/>\n          <path d=\"M88.0004 112.25H49.7782V40.5835H40.2227V2.36133H88.0004V112.25Z\" stroke=\"#D9D2BB\" stroke-width=\"4\" stroke-linecap=\"square\" stroke-linejoin=\"bevel\"\/>\n          <path d=\"M78.4447 97.9169H64.1113V112.25H78.4447V97.9169Z\" stroke=\"#D9D2BB\" stroke-width=\"4\" stroke-linecap=\"square\" stroke-linejoin=\"bevel\"\/>\n          <path d=\"M25.888 97.9169H11.5547V112.25H25.888V97.9169Z\" stroke=\"#D9D2BB\" stroke-width=\"4\" stroke-linecap=\"square\" stroke-linejoin=\"bevel\"\/>\n          <path d=\"M2 50.1391H21.1111\" stroke=\"#D9D2BB\" stroke-width=\"4\" stroke-linecap=\"square\" stroke-linejoin=\"bevel\"\/>\n          <path d=\"M2 59.6947H16.3333\" stroke=\"#D9D2BB\" stroke-width=\"4\" stroke-linecap=\"square\" stroke-linejoin=\"bevel\"\/>\n          <path d=\"M40.2227 21.4724H59.3338\" stroke=\"#D9D2BB\" stroke-width=\"4\" stroke-linecap=\"square\" stroke-linejoin=\"bevel\"\/>\n          <path d=\"M40.2227 11.9169H68.8893\" stroke=\"#D9D2BB\" stroke-width=\"4\" stroke-linecap=\"square\" stroke-linejoin=\"bevel\"\/>\n          <path d=\"M40.2227 31.028H54.556\" stroke=\"#D9D2BB\" stroke-width=\"4\" stroke-linecap=\"square\" stroke-linejoin=\"bevel\"\/>\n          <path d=\"M2 69.2502H11.5556\" stroke=\"#D9D2BB\" stroke-width=\"4\" stroke-linecap=\"square\" stroke-linejoin=\"bevel\"\/>\n        <\/svg>\n      <\/div>\n    <\/div>\n  <\/div>\n<\/section>","protected":false},"excerpt":{"rendered":"","protected":false},"author":1,"featured_media":0,"parent":0,"menu_order":0,"comment_status":"closed","ping_status":"closed","template":"page-templates\/faqs.php","meta":{"inline_featured_image":false,"footnotes":""},"class_list":["post-1479","page","type-page","status-publish","hentry"],"aioseo_notices":[],"meta_box":{"section-padding":false,"section-color":false,"section-has-color-second":false,"section-color-second":false},"_links":{"self":[{"href":"https:\/\/test.weraso.com\/pt\/wp-json\/wp\/v2\/pages\/1479","targetHints":{"allow":["GET"]}}],"collection":[{"href":"https:\/\/test.weraso.com\/pt\/wp-json\/wp\/v2\/pages"}],"about":[{"href":"https:\/\/test.weraso.com\/pt\/wp-json\/wp\/v2\/types\/page"}],"author":[{"embeddable":true,"href":"https:\/\/test.weraso.com\/pt\/wp-json\/wp\/v2\/users\/1"}],"replies":[{"embeddable":true,"href":"https:\/\/test.weraso.com\/pt\/wp-json\/wp\/v2\/comments?post=1479"}],"version-history":[{"count":4,"href":"https:\/\/test.weraso.com\/pt\/wp-json\/wp\/v2\/pages\/1479\/revisions"}],"predecessor-version":[{"id":3062,"href":"https:\/\/test.weraso.com\/pt\/wp-json\/wp\/v2\/pages\/1479\/revisions\/3062"}],"wp:attachment":[{"href":"https:\/\/test.weraso.com\/pt\/wp-json\/wp\/v2\/media?parent=1479"}],"curies":[{"name":"wp","href":"https:\/\/api.w.org\/{rel}","templated":true}]}}