{"id":246,"date":"2024-07-11T16:00:34","date_gmt":"2024-07-11T16:00:34","guid":{"rendered":"http:\/\/localhost:8888\/weraso\/?post_type=product&#038;p=246"},"modified":"2024-08-08T06:28:51","modified_gmt":"2024-08-08T06:28:51","slug":"agarova-stolicka","status":"publish","type":"product","link":"https:\/\/test.weraso.com\/pt\/produkt\/agarova-stolicka\/","title":{"rendered":"Agarov\u00e1 stoli\u010dka"},"content":{"rendered":"<p>Za\u017eite stelesnenie pohodlia a \u0161t\u00fdlu s ratanov\u00fdm kreslom Santai, ru\u010dne vyroben\u00fdm k\u00faskom, ktor\u00fd sp\u00e1ja luxus s udr\u017eate\u013enos\u0165ou.<\/p>\n<p>Jeho priestrann\u00e9 rozmery zais\u0165uj\u00fa pohodln\u00e9 \u00fato\u010disko, zatia\u013e \u010do robustn\u00fd ratanov\u00fd r\u00e1m a \u0161irok\u00e9 sedadlo dod\u00e1vaj\u00fa trvanlivos\u0165 a rafinovan\u00fd n\u00e1dych do ka\u017ed\u00e9ho prostredia. Je vhodn\u00fd do r\u00f4znych priestorov, od baz\u00e9na a\u017e po terasu, je to \u013eahk\u00e1, ekologick\u00e1 vo\u013eba, ktor\u00e1 s\u013eubuje stabilitu aj pohodlie pre chv\u00edle oddychu.<\/p>\n","protected":false},"excerpt":{"rendered":"<p>Icing drag\u00e9e apple pie dessert brownie. Dessert marzipan I love pie ice cream. Drag\u00e9e liquorice carrot cake fruitcake jujubes.<\/p>\n","protected":false},"featured_media":638,"comment_status":"closed","ping_status":"closed","template":"","meta":{"inline_featured_image":false},"product_cat":[46],"product_tag":[],"class_list":{"0":"post-246","1":"product","2":"type-product","3":"status-publish","4":"has-post-thumbnail","6":"product_cat-stolicky","8":"first","9":"instock","10":"sale","11":"taxable","12":"shipping-taxable","13":"purchasable","14":"product-type-variable"},"aioseo_notices":[],"meta_box":{"product-metabox-hero":[{"width":150,"height":150,"file":"2024\/07\/caccf5becb1b8e2c9665bf1f500eb11a.png","filesize":2115246,"sizes":{"medium":{"file":"caccf5becb1b8e2c9665bf1f500eb11a-300x202.png","width":300,"height":202,"mime-type":"image\/png","filesize":90717,"url":"https:\/\/test.weraso.com\/wp-content\/uploads\/2024\/07\/caccf5becb1b8e2c9665bf1f500eb11a-300x202.png"},"large":{"file":"caccf5becb1b8e2c9665bf1f500eb11a-1024x689.png","width":1024,"height":689,"mime-type":"image\/png","filesize":1034198,"url":"https:\/\/test.weraso.com\/wp-content\/uploads\/2024\/07\/caccf5becb1b8e2c9665bf1f500eb11a-1024x689.png"},"thumbnail":{"file":"caccf5becb1b8e2c9665bf1f500eb11a-150x150.png","width":150,"height":150,"mime-type":"image\/png","filesize":37365,"url":"https:\/\/test.weraso.com\/wp-content\/uploads\/2024\/07\/caccf5becb1b8e2c9665bf1f500eb11a-150x150.png"},"medium_large":{"file":"caccf5becb1b8e2c9665bf1f500eb11a-768x517.png","width":768,"height":517,"mime-type":"image\/png","filesize":593200,"url":"https:\/\/test.weraso.com\/wp-content\/uploads\/2024\/07\/caccf5becb1b8e2c9665bf1f500eb11a-768x517.png"},"woocommerce_thumbnail":{"file":"caccf5becb1b8e2c9665bf1f500eb11a-300x300.png","width":300,"height":300,"mime-type":"image\/png","filesize":149074,"uncropped":false,"url":"https:\/\/test.weraso.com\/wp-content\/uploads\/2024\/07\/caccf5becb1b8e2c9665bf1f500eb11a-300x300.png"},"woocommerce_single":{"file":"caccf5becb1b8e2c9665bf1f500eb11a-600x404.png","width":600,"height":404,"mime-type":"image\/png","filesize":362939,"url":"https:\/\/test.weraso.com\/wp-content\/uploads\/2024\/07\/caccf5becb1b8e2c9665bf1f500eb11a-600x404.png"},"woocommerce_gallery_thumbnail":{"file":"caccf5becb1b8e2c9665bf1f500eb11a-100x100.png","width":100,"height":100,"mime-type":"image\/png","filesize":17274,"url":"https:\/\/test.weraso.com\/wp-content\/uploads\/2024\/07\/caccf5becb1b8e2c9665bf1f500eb11a-100x100.png"}},"image_meta":{"aperture":"0","credit":"","camera":"","caption":"","created_timestamp":"0","copyright":"","focal_length":"0","iso":"0","shutter_speed":"0","title":"","orientation":"0","keywords":[]},"ID":"643","name":"caccf5becb1b8e2c9665bf1f500eb11a.png","path":"\/data\/7\/5\/757d27e6-6549-4450-aa2b-08ca64892026\/weraso.com\/test\/wp-content\/uploads\/2024\/07\/caccf5becb1b8e2c9665bf1f500eb11a.png","url":"https:\/\/test.weraso.com\/wp-content\/uploads\/2024\/07\/caccf5becb1b8e2c9665bf1f500eb11a-150x150.png","full_url":"https:\/\/test.weraso.com\/wp-content\/uploads\/2024\/07\/caccf5becb1b8e2c9665bf1f500eb11a.png","title":"caccf5becb1b8e2c9665bf1f500eb11a","caption":"","description":"","alt":"","srcset":"https:\/\/test.weraso.com\/wp-content\/uploads\/2024\/07\/caccf5becb1b8e2c9665bf1f500eb11a-150x150.png 150w, https:\/\/test.weraso.com\/wp-content\/uploads\/2024\/07\/caccf5becb1b8e2c9665bf1f500eb11a-300x300.png 300w, https:\/\/test.weraso.com\/wp-content\/uploads\/2024\/07\/caccf5becb1b8e2c9665bf1f500eb11a-100x100.png 100w"}],"product-metabox-presentation-second":[{"width":150,"height":150,"file":"2024\/07\/caccf5becb1b8e2c9665bf1f500eb11a.png","filesize":2115246,"sizes":{"medium":{"file":"caccf5becb1b8e2c9665bf1f500eb11a-300x202.png","width":300,"height":202,"mime-type":"image\/png","filesize":90717,"url":"https:\/\/test.weraso.com\/wp-content\/uploads\/2024\/07\/caccf5becb1b8e2c9665bf1f500eb11a-300x202.png"},"large":{"file":"caccf5becb1b8e2c9665bf1f500eb11a-1024x689.png","width":1024,"height":689,"mime-type":"image\/png","filesize":1034198,"url":"https:\/\/test.weraso.com\/wp-content\/uploads\/2024\/07\/caccf5becb1b8e2c9665bf1f500eb11a-1024x689.png"},"thumbnail":{"file":"caccf5becb1b8e2c9665bf1f500eb11a-150x150.png","width":150,"height":150,"mime-type":"image\/png","filesize":37365,"url":"https:\/\/test.weraso.com\/wp-content\/uploads\/2024\/07\/caccf5becb1b8e2c9665bf1f500eb11a-150x150.png"},"medium_large":{"file":"caccf5becb1b8e2c9665bf1f500eb11a-768x517.png","width":768,"height":517,"mime-type":"image\/png","filesize":593200,"url":"https:\/\/test.weraso.com\/wp-content\/uploads\/2024\/07\/caccf5becb1b8e2c9665bf1f500eb11a-768x517.png"},"woocommerce_thumbnail":{"file":"caccf5becb1b8e2c9665bf1f500eb11a-300x300.png","width":300,"height":300,"mime-type":"image\/png","filesize":149074,"uncropped":false,"url":"https:\/\/test.weraso.com\/wp-content\/uploads\/2024\/07\/caccf5becb1b8e2c9665bf1f500eb11a-300x300.png"},"woocommerce_single":{"file":"caccf5becb1b8e2c9665bf1f500eb11a-600x404.png","width":600,"height":404,"mime-type":"image\/png","filesize":362939,"url":"https:\/\/test.weraso.com\/wp-content\/uploads\/2024\/07\/caccf5becb1b8e2c9665bf1f500eb11a-600x404.png"},"woocommerce_gallery_thumbnail":{"file":"caccf5becb1b8e2c9665bf1f500eb11a-100x100.png","width":100,"height":100,"mime-type":"image\/png","filesize":17274,"url":"https:\/\/test.weraso.com\/wp-content\/uploads\/2024\/07\/caccf5becb1b8e2c9665bf1f500eb11a-100x100.png"}},"image_meta":{"aperture":"0","credit":"","camera":"","caption":"","created_timestamp":"0","copyright":"","focal_length":"0","iso":"0","shutter_speed":"0","title":"","orientation":"0","keywords":[]},"ID":"643","name":"caccf5becb1b8e2c9665bf1f500eb11a.png","path":"\/data\/7\/5\/757d27e6-6549-4450-aa2b-08ca64892026\/weraso.com\/test\/wp-content\/uploads\/2024\/07\/caccf5becb1b8e2c9665bf1f500eb11a.png","url":"https:\/\/test.weraso.com\/wp-content\/uploads\/2024\/07\/caccf5becb1b8e2c9665bf1f500eb11a-150x150.png","full_url":"https:\/\/test.weraso.com\/wp-content\/uploads\/2024\/07\/caccf5becb1b8e2c9665bf1f500eb11a.png","title":"caccf5becb1b8e2c9665bf1f500eb11a","caption":"","description":"","alt":"","srcset":"https:\/\/test.weraso.com\/wp-content\/uploads\/2024\/07\/caccf5becb1b8e2c9665bf1f500eb11a-150x150.png 150w, https:\/\/test.weraso.com\/wp-content\/uploads\/2024\/07\/caccf5becb1b8e2c9665bf1f500eb11a-300x300.png 300w, https:\/\/test.weraso.com\/wp-content\/uploads\/2024\/07\/caccf5becb1b8e2c9665bf1f500eb11a-100x100.png 100w"}],"product-metabox-gallery-video":{"663":{"ID":"663","src":"https:\/\/test.weraso.com\/wp-content\/uploads\/2024\/07\/santai_video_3.mp4","type":"video\/mp4","title":"santai_video_3","caption":"","description":"","meta":{"length_formatted":"0:10"},"dimensions":{"width":1280,"height":720},"image":{"src":"https:\/\/test.weraso.com\/wp-includes\/images\/media\/video.png","width":48,"height":64},"thumb":{"src":"https:\/\/test.weraso.com\/wp-includes\/images\/media\/video.png","width":48,"height":64}}}},"_links":{"self":[{"href":"https:\/\/test.weraso.com\/pt\/wp-json\/wp\/v2\/product\/246","targetHints":{"allow":["GET"]}}],"collection":[{"href":"https:\/\/test.weraso.com\/pt\/wp-json\/wp\/v2\/product"}],"about":[{"href":"https:\/\/test.weraso.com\/pt\/wp-json\/wp\/v2\/types\/product"}],"replies":[{"embeddable":true,"href":"https:\/\/test.weraso.com\/pt\/wp-json\/wp\/v2\/comments?post=246"}],"wp:featuredmedia":[{"embeddable":true,"href":"https:\/\/test.weraso.com\/pt\/wp-json\/wp\/v2\/media\/638"}],"wp:attachment":[{"href":"https:\/\/test.weraso.com\/pt\/wp-json\/wp\/v2\/media?parent=246"}],"wp:term":[{"taxonomy":"product_cat","embeddable":true,"href":"https:\/\/test.weraso.com\/pt\/wp-json\/wp\/v2\/product_cat?post=246"},{"taxonomy":"product_tag","embeddable":true,"href":"https:\/\/test.weraso.com\/pt\/wp-json\/wp\/v2\/product_tag?post=246"}],"curies":[{"name":"wp","href":"https:\/\/api.w.org\/{rel}","templated":true}]}}